{"id":998,"date":"2025-03-24T20:49:34","date_gmt":"2025-03-24T20:49:34","guid":{"rendered":"https:\/\/www.dryalondolev.com\/consultation-virtuelle\/"},"modified":"2025-07-31T13:30:08","modified_gmt":"2025-07-31T13:30:08","slug":"consultation-virtuelle","status":"publish","type":"page","link":"https:\/\/www.dryalondolev.com\/fr\/consultation-virtuelle\/","title":{"rendered":"Consultation virtuelle"},"content":{"rendered":"<div class=\"wpb-content-wrapper\"><p>[vc_row css_animation=\u00a0\u00bb\u00a0\u00bb row_type=\u00a0\u00bbrow\u00a0\u00bb use_row_as_full_screen_section=\u00a0\u00bbno\u00a0\u00bb type=\u00a0\u00bbfull_width\u00a0\u00bb angled_section=\u00a0\u00bbno\u00a0\u00bb text_align=\u00a0\u00bbleft\u00a0\u00bb background_image_as_pattern=\u00a0\u00bbwithout_pattern\u00a0\u00bb z_index=\u00a0\u00bb\u00a0\u00bb el_id=\u00a0\u00bbhero\u00a0\u00bb][vc_column width=\u00a0\u00bb1\/2&Prime;]\n\t\t\t<!-- START hero REVOLUTION SLIDER 6.6.16 --><p class=\"rs-p-wp-fix\"><\/p>\n\t\t\t<rs-module-wrap id=\"rev_slider_3_1_wrapper\" data-source=\"post\" style=\"visibility:hidden;background:transparent;padding:0;\">\n\t\t\t\t<rs-module id=\"rev_slider_3_1\" style=\"\" data-version=\"6.6.16\">\n\t\t\t\t\t<rs-slides style=\"overflow: hidden; position: absolute;\">\n\t\t\t\t\t\t<rs-slide style=\"position: absolute;\" data-key=\"rs-998\" data-title=\"Consultation virtuelle\" data-anim=\"e:slidingoverlay;ms:2000;\" data-in=\"o:1;x:-100%;\" data-out=\"a:false;\">\n\t\t\t\t\t\t\t<img decoding=\"async\" src=\"\/\/www.dryalondolev.com\/wp-content\/plugins\/revsliderold\/public\/assets\/assets\/dummy.png\" alt=\"\" width=\"1731\" height=\"1800\" class=\"rev-slidebg tp-rs-img rs-lazyload\" data-lazyload=\"\/\/www.dryalondolev.com\/wp-content\/uploads\/2025\/03\/1767385301.jpg\" data-no-retina>\n<!---->\t\t\t\t\t\t<\/rs-slide>\n\t\t\t\t\t<\/rs-slides>\n\t\t\t\t\t<rs-static-layers><!--\n\n\t\t\t\t\t\t\t--><rs-layer\n\t\t\t\t\t\t\t\tid=\"slider-3-slide-3-layer-1\" \n\t\t\t\t\t\t\t\tclass=\"rs-layer-static\"\n\t\t\t\t\t\t\t\tdata-type=\"shape\"\n\t\t\t\t\t\t\t\tdata-rsp_ch=\"on\"\n\t\t\t\t\t\t\t\tdata-text=\"w:normal;\"\n\t\t\t\t\t\t\t\tdata-dim=\"w:100%;h:100%;\"\n\t\t\t\t\t\t\t\tdata-basealign=\"slide\"\n\t\t\t\t\t\t\t\tdata-onslides=\"s:-1;e:-1;\"\n\t\t\t\t\t\t\t\tdata-frame_999=\"o:0;st:w;\"\n\t\t\t\t\t\t\t\tstyle=\"z-index:5;background-color:rgba(20,59,101,0.3);\"\n\t\t\t\t\t\t\t> \n\t\t\t\t\t\t\t<\/rs-layer><!--\n\t\t\t\t\t--><\/rs-static-layers>\n\t\t\t\t<\/rs-module>\n\t\t\t\t<script>\n\t\t\t\t\tsetREVStartSize({c: 'rev_slider_3_1',rl:[1240,1024,778,480],el:[900],gw:[1240],gh:[900],type:'hero',justify:'',layout:'fullscreen',offsetContainer:'.sizer',offset:'0px',mh:\"0\"});if (window.RS_MODULES!==undefined && window.RS_MODULES.modules!==undefined && window.RS_MODULES.modules[\"revslider31\"]!==undefined) {window.RS_MODULES.modules[\"revslider31\"].once = false;window.revapi3 = undefined;if (window.RS_MODULES.checkMinimal!==undefined) window.RS_MODULES.checkMinimal()}\n\t\t\t\t<\/script>\n\t\t\t<\/rs-module-wrap>\n\t\t\t<!-- END REVOLUTION SLIDER -->\n[\/vc_column][vc_column width=\u00a0\u00bb1\/2&Prime;][vc_column_text css=\u00a0\u00bb\u00a0\u00bb]<\/p>\n<p><\/p>\n<h1>Consultation virtuelle<\/h1>\n<p><\/p>\n<p>Des soins personnalis\u00e9s, dans le confort de votre domicile[\/vc_column_text]<div class=\"btn-wrap\" style=\"text-align:left\"><a href=\"https:\/\/www.dryalondolev.com\/fr\/consultation\/\" class=\"button button--calypso \" target=\"_self\"><div class=\"button__bg\"><\/div><span>PRENEZ RENDEZ-VOUS<\/span><\/a><\/div>[\/vc_column][\/vc_row][vc_row css_animation=\u00a0\u00bb\u00a0\u00bb row_type=\u00a0\u00bbrow\u00a0\u00bb use_row_as_full_screen_section=\u00a0\u00bbno\u00a0\u00bb type=\u00a0\u00bbgrid\u00a0\u00bb angled_section=\u00a0\u00bbno\u00a0\u00bb text_align=\u00a0\u00bbleft\u00a0\u00bb background_image_as_pattern=\u00a0\u00bbwithout_pattern\u00a0\u00bb el_id=\u00a0\u00bbafter-hero\u00a0\u00bb z_index=\u00a0\u00bb\u00a0\u00bb][vc_column][vc_column_text css=\u00a0\u00bb\u00a0\u00bb]<\/p>\n<p><\/p>\n<h2>Confort et commodit\u00e9<\/h2>\n<p><\/p>\n<p>[\/vc_column_text][vc_column_text css=\u00a0\u00bb\u00a0\u00bb]Explorez vos options en mati\u00e8re de soins esth\u00e9tiques et reconstructifs depuis le confort de votre domicile. Nos consultations virtuelles offrent un moyen simple et efficace de rencontrer le Dr Yalon Dolev, de discuter de vos pr\u00e9occupations et de recevoir des recommandations personnalis\u00e9es \u2014 le tout, sans avoir \u00e0 vous d\u00e9placer.<br \/>Que vous envisagiez une intervention ou souhaitiez simplement en savoir plus sur les possibilit\u00e9s qui s\u2019offrent \u00e0 vous, ce service a \u00e9t\u00e9 con\u00e7u pour s\u2019adapter facilement \u00e0 votre emploi du temps.[\/vc_column_text][\/vc_column][\/vc_row][vc_row css_animation=\u00a0\u00bb\u00a0\u00bb row_type=\u00a0\u00bbrow\u00a0\u00bb use_row_as_full_screen_section=\u00a0\u00bbno\u00a0\u00bb type=\u00a0\u00bbfull_width\u00a0\u00bb angled_section=\u00a0\u00bbno\u00a0\u00bb text_align=\u00a0\u00bbleft\u00a0\u00bb background_image_as_pattern=\u00a0\u00bbwithout_pattern\u00a0\u00bb el_id=\u00a0\u00bbhow\u00a0\u00bb z_index=\u00a0\u00bb\u00a0\u00bb el_class=\u00a0\u00bbcentered\u00a0\u00bb][vc_column width=\u00a0\u00bb1\/2&Prime;][vc_column_text css=\u00a0\u00bb\u00a0\u00bb]<\/p>\n<p><\/p>\n<h2>S\u00e9curis\u00e9e et personnalis\u00e9e<\/h2>\n<p><\/p>\n<p>[\/vc_column_text][vc_column_text css=\u00a0\u00bb\u00a0\u00bb el_class=\u00a0\u00bbtext-center\u00a0\u00bb]Nos consultations virtuelles sont confidentielles, simples et adapt\u00e9es \u00e0 vos besoins. Profitez d\u2019un \u00e9change en t\u00eate-\u00e0-t\u00eate via une plateforme s\u00e9curis\u00e9e pour \u00e9tablir un plan de traitement sur mesure. Une premi\u00e8re \u00e9tape facile vers votre transformation.[\/vc_column_text][\/vc_column][vc_column width=\u00a0\u00bb1\/2&Prime;][vc_single_image image=\u00a0\u00bb840&Prime; css=\u00a0\u00bb\u00a0\u00bb qode_css_animation=\u00a0\u00bb\u00a0\u00bb][\/vc_column][\/vc_row][vc_row css_animation=\u00a0\u00bb\u00a0\u00bb row_type=\u00a0\u00bbrow\u00a0\u00bb use_row_as_full_screen_section=\u00a0\u00bbno\u00a0\u00bb type=\u00a0\u00bbfull_width\u00a0\u00bb angled_section=\u00a0\u00bbno\u00a0\u00bb text_align=\u00a0\u00bbleft\u00a0\u00bb background_image_as_pattern=\u00a0\u00bbwithout_pattern\u00a0\u00bb el_id=\u00a0\u00bbvirtualcall\u00a0\u00bb z_index=\u00a0\u00bb\u00a0\u00bb][vc_column][vc_column_text css=\u00a0\u00bb\u00a0\u00bb]<\/p>\n<p><\/p>\n<h3 style=\"text-align: center;\">Planifiez votre consultation virtuelle d\u00e8s aujourd\u2019hui !<\/h3>\n<p><\/p>\n<p>[\/vc_column_text]<div class=\"btn-wrap\" style=\"text-align:left\"><a href=\"https:\/\/www.dryalondolev.com\/fr\/consultation\/\" class=\"button button--calypso \" target=\"_self\"><div class=\"button__bg\"><\/div><span>PRENEZ RENDEZ-VOUS<\/span><\/a><\/div>[\/vc_column][\/vc_row][vc_row css_animation=\u00a0\u00bb\u00a0\u00bb row_type=\u00a0\u00bbrow\u00a0\u00bb use_row_as_full_screen_section=\u00a0\u00bbno\u00a0\u00bb type=\u00a0\u00bbgrid\u00a0\u00bb angled_section=\u00a0\u00bbno\u00a0\u00bb text_align=\u00a0\u00bbleft\u00a0\u00bb background_image_as_pattern=\u00a0\u00bbwithout_pattern\u00a0\u00bb el_id=\u00a0\u00bbmini-cta\u00a0\u00bb z_index=\u00a0\u00bb\u00a0\u00bb][vc_column]<svg class=\"yln\" xmlns=\"http:\/\/www.w3.org\/2000\/svg\" viewBox=\"0 0 1050.95 695.6\">\n  <defs>\n    <style>\n      .yln-1 {\n        fill: #143b65;\n      }\n\n      .yln-2 {\n        fill: #578b9b;\n      }\n    <\/style>\n  <\/defs>\n  <path class=\"yln-2\" d=\"M723.09,524c-1.25-2.06-2.29-4.2-3.43-6.29-1.29.64-2.59,1.27-3.89,1.9-31.23,14.96-64.82,24.52-100.82,24.52-25.76,0-54.73-6.44-86.93-12.88V231.81l-80.49,128.79v212.5h170.64c46.03,0,87.51-6.04,124.56-16.98-5.98-11.03-13.14-21.37-19.64-32.12Z\"\/>\n  <g>\n    <path class=\"yln-1\" d=\"M665.04,54.55c104.54,228.84-85.5,438.56,186.19,592.14-190.18-284.21,57.38-383.11-186.19-592.14Z\"\/>\n  <\/g>\n  <path class=\"yln-1\" d=\"M1017.43,292.82c-4.83-5.47,12.8-28.34,7.13-34.76-6.04-6.84-14.55-5.88-19.89-6.41,8.65-8.01,11.49-21.76,9.41-26.66-2.08-4.9-20.42-7.43-25.06-12.69-4.64-5.26,13.66-34.15,5.85-42.99-4.46-5.05-32.26.78-48.21,1.38-15.95.6-34.41-19.04-34.41-19.04,10.3-13.92,16.03-26.62,4.54-34.72,1.84,10.22-3.97,17.46-15.33,19.72-13.38-23.17-30.51-43.96-51.48-62.6C792.03,25.76,708.32,0,595.63,0h-220.91c-4.24,0-7.68,3.44-7.68,7.69s3.58,7.87,7.94,7.67c13.87-.64,42.67,1.04,59.68,23.28,28.73,30.95,13.57,68.52,12.88,70.83-.59,1.98-82.72,132.65-106.38,170.27-2.97,4.72-9.8,4.79-12.89.16l-122.06-183.09c-.1-.14-.19-.29-.27-.44-16.07-28.88-35.34-54.55-54.61-70.6C132.01,9.66,106.25,0,77.27,0H7.69C3.44,0,0,3.44,0,7.69v1.89c0,3.73,2.65,6.96,6.32,7.61,16.39,2.9,30.57,6.36,44.73,14.74.3.18.6.38.88.59,12.54,9.41,25.06,18.82,34.56,28.23.3.29.55.59.8.92,9.62,12.8,22.37,28.77,38.27,51.02l146.81,220.22c.84,1.26,1.29,2.75,1.29,4.26v228.24c0,4.24,3.44,7.68,7.69,7.68h61.9c4.24,0,7.68-3.44,7.68-7.68v-231.61c0-1.43.4-2.83,1.15-4.04L526.53,47.49c21.54-29.06,150.6-29.45,203.98,13.5.23.12.46.26.68.4,10.01,6.39,19.19,13.35,27.71,20.95h0s126.15,109.32,103.08,401.32c-12.59,87.91-15.24,163.39,60.56,211.95-102.5-241.4,110.81-310.31,127.33-355.42,7.81-23.7-29.48-43.99-32.45-47.36Z\"\/>\n<\/svg>[vc_column_text css=\u00a0\u00bb\u00a0\u00bb]<\/p>\n<p><\/p>\n<h2 style=\"text-align: center;\">C\u00e9l\u00e9brez votre essence v\u00e9ritable<\/h2>\n<p><\/p>\n<p>L\u00e0 o\u00f9 les techniques avanc\u00e9es et la vision artistique r\u00e9v\u00e8lent votre beaut\u00e9 naturelle.<\/p>\n<p><\/p>\n<p>Vivez votre transformation faciale unique avec le Dr Dolev \u2014 chaque trait est d\u00e9licatement sublim\u00e9 pour restaurer l\u2019harmonie, la confiance et une beaut\u00e9 intemporelle.[\/vc_column_text]<div class=\"btn-wrap\" style=\"text-align:center\"><a href=\"https:\/\/www.dryalondolev.com\/fr\/consultation\/\" class=\"button button--calypso \" target=\"_self\"><div class=\"button__bg\"><\/div><span>COMMENCEZ VOTRE PARCOURS<\/span><\/a><\/div>[\/vc_column][\/vc_row]<\/p>\n<\/div>","protected":false},"excerpt":{"rendered":"<p>[vc_row css_animation=\u00a0\u00bb\u00a0\u00bb row_type=\u00a0\u00bbrow\u00a0\u00bb use_row_as_full_screen_section=\u00a0\u00bbno\u00a0\u00bb type=\u00a0\u00bbfull_width\u00a0\u00bb angled_section=\u00a0\u00bbno\u00a0\u00bb text_align=\u00a0\u00bbleft\u00a0\u00bb background_image_as_pattern=\u00a0\u00bbwithout_pattern\u00a0\u00bb z_index=\u00a0\u00bb\u00a0\u00bb el_id=\u00a0\u00bbhero\u00a0\u00bb][vc_column width=\u00a0\u00bb1\/2&Prime;][\/vc_column][vc_column width=\u00a0\u00bb1\/2&Prime;][vc_column_text css=\u00a0\u00bb\u00a0\u00bb] Consultation virtuelle Des soins personnalis\u00e9s, dans le confort de votre domicile[\/vc_column_text][\/vc_column][\/vc_row][vc_row css_animation=\u00a0\u00bb\u00a0\u00bb row_type=\u00a0\u00bbrow\u00a0\u00bb use_row_as_full_screen_section=\u00a0\u00bbno\u00a0\u00bb type=\u00a0\u00bbgrid\u00a0\u00bb angled_section=\u00a0\u00bbno\u00a0\u00bb text_align=\u00a0\u00bbleft\u00a0\u00bb background_image_as_pattern=\u00a0\u00bbwithout_pattern\u00a0\u00bb el_id=\u00a0\u00bbafter-hero\u00a0\u00bb z_index=\u00a0\u00bb\u00a0\u00bb][vc_column][vc_column_text css=\u00a0\u00bb\u00a0\u00bb] Confort et commodit\u00e9 [\/vc_column_text][vc_column_text css=\u00a0\u00bb\u00a0\u00bb]Explorez vos options en mati\u00e8re de soins&#8230;<\/p>\n","protected":false},"author":1,"featured_media":817,"parent":0,"menu_order":0,"comment_status":"closed","ping_status":"closed","template":"full_width.php","meta":{"footnotes":""},"class_list":["post-998","page","type-page","status-publish","has-post-thumbnail","hentry"],"acf":[],"yoast_head":"<!-- This site is optimized with the Yoast SEO plugin v25.5 - https:\/\/yoast.com\/wordpress\/plugins\/seo\/ -->\n<title>Consultation virtuelle \u2013 Chirurgie esth\u00e9tique Montr\u00e9al<\/title>\n<meta name=\"description\" content=\"Rencontrez le Dr Dolev en ligne pour une \u00e9valuation personnalis\u00e9e. Consultations virtuelles priv\u00e9es et confidentielles.\" \/>\n<meta name=\"robots\" content=\"index, follow, max-snippet:-1, max-image-preview:large, max-video-preview:-1\" \/>\n<link rel=\"canonical\" href=\"https:\/\/www.dryalondolev.com\/fr\/consultation-virtuelle\/\" \/>\n<meta property=\"og:locale\" content=\"fr_FR\" \/>\n<meta property=\"og:type\" content=\"article\" \/>\n<meta property=\"og:title\" content=\"Consultation virtuelle \u2013 Chirurgie esth\u00e9tique Montr\u00e9al\" \/>\n<meta property=\"og:description\" content=\"Rencontrez le Dr Dolev en ligne pour une \u00e9valuation personnalis\u00e9e. Consultations virtuelles priv\u00e9es et confidentielles.\" \/>\n<meta property=\"og:url\" content=\"https:\/\/www.dryalondolev.com\/fr\/consultation-virtuelle\/\" \/>\n<meta property=\"og:site_name\" content=\"Dolev\" \/>\n<meta property=\"article:publisher\" content=\"https:\/\/www.facebook.com\/dryalondolevmd\" \/>\n<meta property=\"article:modified_time\" content=\"2025-07-31T13:30:08+00:00\" \/>\n<meta property=\"og:image\" content=\"https:\/\/www.dryalondolev.com\/wp-content\/uploads\/2025\/03\/1767385301.jpg\" \/>\n\t<meta property=\"og:image:width\" content=\"1731\" \/>\n\t<meta property=\"og:image:height\" content=\"1800\" \/>\n\t<meta property=\"og:image:type\" content=\"image\/jpeg\" \/>\n<meta name=\"twitter:card\" content=\"summary_large_image\" \/>\n<meta name=\"twitter:label1\" content=\"Dur\u00e9e de lecture estim\u00e9e\" \/>\n\t<meta name=\"twitter:data1\" content=\"3 minutes\" \/>\n<script type=\"application\/ld+json\" class=\"yoast-schema-graph\">{\"@context\":\"https:\/\/schema.org\",\"@graph\":[{\"@type\":\"WebPage\",\"@id\":\"https:\/\/www.dryalondolev.com\/fr\/consultation-virtuelle\/\",\"url\":\"https:\/\/www.dryalondolev.com\/fr\/consultation-virtuelle\/\",\"name\":\"Consultation virtuelle \u2013 Chirurgie esth\u00e9tique Montr\u00e9al\",\"isPartOf\":{\"@id\":\"https:\/\/www.dryalondolev.com\/fr\/#website\"},\"primaryImageOfPage\":{\"@id\":\"https:\/\/www.dryalondolev.com\/fr\/consultation-virtuelle\/#primaryimage\"},\"image\":{\"@id\":\"https:\/\/www.dryalondolev.com\/fr\/consultation-virtuelle\/#primaryimage\"},\"thumbnailUrl\":\"https:\/\/www.dryalondolev.com\/wp-content\/uploads\/2025\/03\/1767385301.jpg\",\"datePublished\":\"2025-03-24T20:49:34+00:00\",\"dateModified\":\"2025-07-31T13:30:08+00:00\",\"description\":\"Rencontrez le Dr Dolev en ligne pour une \u00e9valuation personnalis\u00e9e. Consultations virtuelles priv\u00e9es et confidentielles.\",\"breadcrumb\":{\"@id\":\"https:\/\/www.dryalondolev.com\/fr\/consultation-virtuelle\/#breadcrumb\"},\"inLanguage\":\"fr-FR\",\"potentialAction\":[{\"@type\":\"ReadAction\",\"target\":[\"https:\/\/www.dryalondolev.com\/fr\/consultation-virtuelle\/\"]}]},{\"@type\":\"ImageObject\",\"inLanguage\":\"fr-FR\",\"@id\":\"https:\/\/www.dryalondolev.com\/fr\/consultation-virtuelle\/#primaryimage\",\"url\":\"https:\/\/www.dryalondolev.com\/wp-content\/uploads\/2025\/03\/1767385301.jpg\",\"contentUrl\":\"https:\/\/www.dryalondolev.com\/wp-content\/uploads\/2025\/03\/1767385301.jpg\",\"width\":1731,\"height\":1800},{\"@type\":\"BreadcrumbList\",\"@id\":\"https:\/\/www.dryalondolev.com\/fr\/consultation-virtuelle\/#breadcrumb\",\"itemListElement\":[{\"@type\":\"ListItem\",\"position\":1,\"name\":\"Home\",\"item\":\"https:\/\/www.dryalondolev.com\/fr\/\"},{\"@type\":\"ListItem\",\"position\":2,\"name\":\"Consultation virtuelle\"}]},{\"@type\":\"WebSite\",\"@id\":\"https:\/\/www.dryalondolev.com\/fr\/#website\",\"url\":\"https:\/\/www.dryalondolev.com\/fr\/\",\"name\":\"Dr. Yalon Dolev\",\"description\":\"Facial Plastic Surgeon\",\"publisher\":{\"@id\":\"https:\/\/www.dryalondolev.com\/fr\/#organization\"},\"alternateName\":\"Dr. Yalon Dolev\",\"potentialAction\":[{\"@type\":\"SearchAction\",\"target\":{\"@type\":\"EntryPoint\",\"urlTemplate\":\"https:\/\/www.dryalondolev.com\/fr\/?s={search_term_string}\"},\"query-input\":{\"@type\":\"PropertyValueSpecification\",\"valueRequired\":true,\"valueName\":\"search_term_string\"}}],\"inLanguage\":\"fr-FR\"},{\"@type\":\"Organization\",\"@id\":\"https:\/\/www.dryalondolev.com\/fr\/#organization\",\"name\":\"Facial Plastic Surgeon\",\"url\":\"https:\/\/www.dryalondolev.com\/fr\/\",\"logo\":{\"@type\":\"ImageObject\",\"inLanguage\":\"fr-FR\",\"@id\":\"https:\/\/www.dryalondolev.com\/fr\/#\/schema\/logo\/image\/\",\"url\":\"https:\/\/www.dryalondolev.com\/wp-content\/uploads\/2025\/03\/Logo_YD_1_.png\",\"contentUrl\":\"https:\/\/www.dryalondolev.com\/wp-content\/uploads\/2025\/03\/Logo_YD_1_.png\",\"width\":560,\"height\":160,\"caption\":\"Facial Plastic Surgeon\"},\"image\":{\"@id\":\"https:\/\/www.dryalondolev.com\/fr\/#\/schema\/logo\/image\/\"},\"sameAs\":[\"https:\/\/www.facebook.com\/dryalondolevmd\",\"https:\/\/www.instagram.com\/dryalondolev\/\"]}]}<\/script>\n<!-- \/ Yoast SEO plugin. -->","yoast_head_json":{"title":"Consultation virtuelle \u2013 Chirurgie esth\u00e9tique Montr\u00e9al","description":"Rencontrez le Dr Dolev en ligne pour une \u00e9valuation personnalis\u00e9e. Consultations virtuelles priv\u00e9es et confidentielles.","robots":{"index":"index","follow":"follow","max-snippet":"max-snippet:-1","max-image-preview":"max-image-preview:large","max-video-preview":"max-video-preview:-1"},"canonical":"https:\/\/www.dryalondolev.com\/fr\/consultation-virtuelle\/","og_locale":"fr_FR","og_type":"article","og_title":"Consultation virtuelle \u2013 Chirurgie esth\u00e9tique Montr\u00e9al","og_description":"Rencontrez le Dr Dolev en ligne pour une \u00e9valuation personnalis\u00e9e. Consultations virtuelles priv\u00e9es et confidentielles.","og_url":"https:\/\/www.dryalondolev.com\/fr\/consultation-virtuelle\/","og_site_name":"Dolev","article_publisher":"https:\/\/www.facebook.com\/dryalondolevmd","article_modified_time":"2025-07-31T13:30:08+00:00","og_image":[{"width":1731,"height":1800,"url":"https:\/\/www.dryalondolev.com\/wp-content\/uploads\/2025\/03\/1767385301.jpg","type":"image\/jpeg"}],"twitter_card":"summary_large_image","twitter_misc":{"Dur\u00e9e de lecture estim\u00e9e":"3 minutes"},"schema":{"@context":"https:\/\/schema.org","@graph":[{"@type":"WebPage","@id":"https:\/\/www.dryalondolev.com\/fr\/consultation-virtuelle\/","url":"https:\/\/www.dryalondolev.com\/fr\/consultation-virtuelle\/","name":"Consultation virtuelle \u2013 Chirurgie esth\u00e9tique Montr\u00e9al","isPartOf":{"@id":"https:\/\/www.dryalondolev.com\/fr\/#website"},"primaryImageOfPage":{"@id":"https:\/\/www.dryalondolev.com\/fr\/consultation-virtuelle\/#primaryimage"},"image":{"@id":"https:\/\/www.dryalondolev.com\/fr\/consultation-virtuelle\/#primaryimage"},"thumbnailUrl":"https:\/\/www.dryalondolev.com\/wp-content\/uploads\/2025\/03\/1767385301.jpg","datePublished":"2025-03-24T20:49:34+00:00","dateModified":"2025-07-31T13:30:08+00:00","description":"Rencontrez le Dr Dolev en ligne pour une \u00e9valuation personnalis\u00e9e. Consultations virtuelles priv\u00e9es et confidentielles.","breadcrumb":{"@id":"https:\/\/www.dryalondolev.com\/fr\/consultation-virtuelle\/#breadcrumb"},"inLanguage":"fr-FR","potentialAction":[{"@type":"ReadAction","target":["https:\/\/www.dryalondolev.com\/fr\/consultation-virtuelle\/"]}]},{"@type":"ImageObject","inLanguage":"fr-FR","@id":"https:\/\/www.dryalondolev.com\/fr\/consultation-virtuelle\/#primaryimage","url":"https:\/\/www.dryalondolev.com\/wp-content\/uploads\/2025\/03\/1767385301.jpg","contentUrl":"https:\/\/www.dryalondolev.com\/wp-content\/uploads\/2025\/03\/1767385301.jpg","width":1731,"height":1800},{"@type":"BreadcrumbList","@id":"https:\/\/www.dryalondolev.com\/fr\/consultation-virtuelle\/#breadcrumb","itemListElement":[{"@type":"ListItem","position":1,"name":"Home","item":"https:\/\/www.dryalondolev.com\/fr\/"},{"@type":"ListItem","position":2,"name":"Consultation virtuelle"}]},{"@type":"WebSite","@id":"https:\/\/www.dryalondolev.com\/fr\/#website","url":"https:\/\/www.dryalondolev.com\/fr\/","name":"Dr. Yalon Dolev","description":"Facial Plastic Surgeon","publisher":{"@id":"https:\/\/www.dryalondolev.com\/fr\/#organization"},"alternateName":"Dr. Yalon Dolev","potentialAction":[{"@type":"SearchAction","target":{"@type":"EntryPoint","urlTemplate":"https:\/\/www.dryalondolev.com\/fr\/?s={search_term_string}"},"query-input":{"@type":"PropertyValueSpecification","valueRequired":true,"valueName":"search_term_string"}}],"inLanguage":"fr-FR"},{"@type":"Organization","@id":"https:\/\/www.dryalondolev.com\/fr\/#organization","name":"Facial Plastic Surgeon","url":"https:\/\/www.dryalondolev.com\/fr\/","logo":{"@type":"ImageObject","inLanguage":"fr-FR","@id":"https:\/\/www.dryalondolev.com\/fr\/#\/schema\/logo\/image\/","url":"https:\/\/www.dryalondolev.com\/wp-content\/uploads\/2025\/03\/Logo_YD_1_.png","contentUrl":"https:\/\/www.dryalondolev.com\/wp-content\/uploads\/2025\/03\/Logo_YD_1_.png","width":560,"height":160,"caption":"Facial Plastic Surgeon"},"image":{"@id":"https:\/\/www.dryalondolev.com\/fr\/#\/schema\/logo\/image\/"},"sameAs":["https:\/\/www.facebook.com\/dryalondolevmd","https:\/\/www.instagram.com\/dryalondolev\/"]}]}},"_links":{"self":[{"href":"https:\/\/www.dryalondolev.com\/fr\/wp-json\/wp\/v2\/pages\/998","targetHints":{"allow":["GET"]}}],"collection":[{"href":"https:\/\/www.dryalondolev.com\/fr\/wp-json\/wp\/v2\/pages"}],"about":[{"href":"https:\/\/www.dryalondolev.com\/fr\/wp-json\/wp\/v2\/types\/page"}],"author":[{"embeddable":true,"href":"https:\/\/www.dryalondolev.com\/fr\/wp-json\/wp\/v2\/users\/1"}],"replies":[{"embeddable":true,"href":"https:\/\/www.dryalondolev.com\/fr\/wp-json\/wp\/v2\/comments?post=998"}],"version-history":[{"count":3,"href":"https:\/\/www.dryalondolev.com\/fr\/wp-json\/wp\/v2\/pages\/998\/revisions"}],"predecessor-version":[{"id":1001,"href":"https:\/\/www.dryalondolev.com\/fr\/wp-json\/wp\/v2\/pages\/998\/revisions\/1001"}],"wp:featuredmedia":[{"embeddable":true,"href":"https:\/\/www.dryalondolev.com\/fr\/wp-json\/wp\/v2\/media\/817"}],"wp:attachment":[{"href":"https:\/\/www.dryalondolev.com\/fr\/wp-json\/wp\/v2\/media?parent=998"}],"curies":[{"name":"wp","href":"https:\/\/api.w.org\/{rel}","templated":true}]}}