{"id":1015,"date":"2024-12-19T17:52:56","date_gmt":"2024-12-19T17:52:56","guid":{"rendered":"https:\/\/www.dryalondolev.com\/consultation\/"},"modified":"2025-08-05T13:12:10","modified_gmt":"2025-08-05T13:12:10","slug":"consultation","status":"publish","type":"page","link":"https:\/\/www.dryalondolev.com\/fr\/consultation\/","title":{"rendered":"Consultation"},"content":{"rendered":"<div class=\"wpb-content-wrapper\"><p>[vc_row css_animation=\u00a0\u00bb\u00a0\u00bb row_type=\u00a0\u00bbrow\u00a0\u00bb use_row_as_full_screen_section=\u00a0\u00bbno\u00a0\u00bb type=\u00a0\u00bbgrid\u00a0\u00bb angled_section=\u00a0\u00bbno\u00a0\u00bb text_align=\u00a0\u00bbleft\u00a0\u00bb background_image_as_pattern=\u00a0\u00bbwithout_pattern\u00a0\u00bb el_id=\u00a0\u00bbbook-hero\u00a0\u00bb z_index=\u00a0\u00bb\u00a0\u00bb][vc_column][vc_column_text css=\u00a0\u00bb\u00a0\u00bb]<\/p>\n<h2 style=\"text-align: center;\">Prenez rendez-vous pour une consultation<\/h2>\n<p style=\"text-align: center;\">R\u00e9servez votre consultation personnalis\u00e9e avec le Dr Dolev et faites le premier pas vers votre transformation. Un membre de notre \u00e9quipe vous contactera pour confirmer la date et l\u2019heure.<\/p>\n<p>[\/vc_column_text][\/vc_column][\/vc_row][vc_row css_animation=\u00a0\u00bb\u00a0\u00bb row_type=\u00a0\u00bbrow\u00a0\u00bb use_row_as_full_screen_section=\u00a0\u00bbno\u00a0\u00bb type=\u00a0\u00bbgrid\u00a0\u00bb angled_section=\u00a0\u00bbno\u00a0\u00bb text_align=\u00a0\u00bbleft\u00a0\u00bb background_image_as_pattern=\u00a0\u00bbwithout_pattern\u00a0\u00bb z_index=\u00a0\u00bb\u00a0\u00bb el_id=\u00a0\u00bbbook\u00a0\u00bb][vc_column]\n<div class=\"wpcf7 no-js\" id=\"wpcf7-f1011-o1\" lang=\"fr-FR\" dir=\"ltr\" data-wpcf7-id=\"1011\">\n<div class=\"screen-reader-response\"><p role=\"status\" aria-live=\"polite\" aria-atomic=\"true\"><\/p> <ul><\/ul><\/div>\n<form action=\"\/fr\/wp-json\/wp\/v2\/pages\/1015#wpcf7-f1011-o1\" method=\"post\" class=\"wpcf7-form init default\" aria-label=\"Formulaire de contact\" novalidate=\"novalidate\" data-status=\"init\">\n<div style=\"display: none;\">\n<input type=\"hidden\" name=\"_wpcf7\" value=\"1011\" \/>\n<input type=\"hidden\" name=\"_wpcf7_version\" value=\"6.0.1\" \/>\n<input type=\"hidden\" name=\"_wpcf7_locale\" value=\"fr_FR\" \/>\n<input type=\"hidden\" name=\"_wpcf7_unit_tag\" value=\"wpcf7-f1011-o1\" \/>\n<input type=\"hidden\" name=\"_wpcf7_container_post\" value=\"0\" \/>\n<input type=\"hidden\" name=\"_wpcf7_posted_data_hash\" value=\"\" \/>\n<input type=\"hidden\" name=\"_wpcf7cf_hidden_group_fields\" value=\"[]\" \/>\n<input type=\"hidden\" name=\"_wpcf7cf_hidden_groups\" value=\"[]\" \/>\n<input type=\"hidden\" name=\"_wpcf7cf_visible_groups\" value=\"[]\" \/>\n<input type=\"hidden\" name=\"_wpcf7cf_repeaters\" value=\"[]\" \/>\n<input type=\"hidden\" name=\"_wpcf7cf_steps\" value=\"{}\" \/>\n<input type=\"hidden\" name=\"_wpcf7cf_options\" value=\"{&quot;form_id&quot;:1011,&quot;conditions&quot;:[{&quot;then_field&quot;:&quot;-1&quot;,&quot;and_rules&quot;:[{&quot;if_field&quot;:&quot;menu-procedures&quot;,&quot;operator&quot;:&quot;equals&quot;,&quot;if_value&quot;:&quot;Breast augmentation&quot;}]},{&quot;then_field&quot;:&quot;-1&quot;,&quot;and_rules&quot;:[{&quot;if_field&quot;:&quot;-1&quot;,&quot;operator&quot;:&quot;equals&quot;,&quot;if_value&quot;:&quot;Oui&quot;}]},{&quot;then_field&quot;:&quot;group-medications&quot;,&quot;and_rules&quot;:[{&quot;if_field&quot;:&quot;medications&quot;,&quot;operator&quot;:&quot;equals&quot;,&quot;if_value&quot;:&quot;Oui&quot;}]},{&quot;then_field&quot;:&quot;group-smoke&quot;,&quot;and_rules&quot;:[{&quot;if_field&quot;:&quot;smoke&quot;,&quot;operator&quot;:&quot;equals&quot;,&quot;if_value&quot;:&quot;Oui&quot;}]},{&quot;then_field&quot;:&quot;-1&quot;,&quot;and_rules&quot;:[{&quot;if_field&quot;:&quot;-1&quot;,&quot;operator&quot;:&quot;equals&quot;,&quot;if_value&quot;:&quot;Oui&quot;}]},{&quot;then_field&quot;:&quot;group-surgeries&quot;,&quot;and_rules&quot;:[{&quot;if_field&quot;:&quot;surgeries&quot;,&quot;operator&quot;:&quot;equals&quot;,&quot;if_value&quot;:&quot;Oui&quot;}]},{&quot;then_field&quot;:&quot;-1&quot;,&quot;and_rules&quot;:[{&quot;if_field&quot;:&quot;-1&quot;,&quot;operator&quot;:&quot;equals&quot;,&quot;if_value&quot;:&quot;Oui&quot;}]},{&quot;then_field&quot;:&quot;-1&quot;,&quot;and_rules&quot;:[{&quot;if_field&quot;:&quot;-1&quot;,&quot;operator&quot;:&quot;equals&quot;,&quot;if_value&quot;:&quot;Oui&quot;}]},{&quot;then_field&quot;:&quot;-1&quot;,&quot;and_rules&quot;:[{&quot;if_field&quot;:&quot;menu-procedures&quot;,&quot;operator&quot;:&quot;equals&quot;,&quot;if_value&quot;:&quot;Breast lift with augmentation&quot;}]},{&quot;then_field&quot;:&quot;-1&quot;,&quot;and_rules&quot;:[{&quot;if_field&quot;:&quot;menu-procedures&quot;,&quot;operator&quot;:&quot;equals&quot;,&quot;if_value&quot;:&quot;Implant replacement&quot;}]},{&quot;then_field&quot;:&quot;-1&quot;,&quot;and_rules&quot;:[{&quot;if_field&quot;:&quot;menu-procedures&quot;,&quot;operator&quot;:&quot;equals&quot;,&quot;if_value&quot;:&quot;Breast lift&quot;}]},{&quot;then_field&quot;:&quot;-1&quot;,&quot;and_rules&quot;:[{&quot;if_field&quot;:&quot;menu-procedures&quot;,&quot;operator&quot;:&quot;equals&quot;,&quot;if_value&quot;:&quot;Breast reduction&quot;}]}],&quot;settings&quot;:{&quot;animation&quot;:&quot;yes&quot;,&quot;animation_intime&quot;:200,&quot;animation_outtime&quot;:200,&quot;conditions_ui&quot;:&quot;normal&quot;,&quot;notice_dismissed&quot;:false}}\" \/>\n<input type=\"hidden\" name=\"_wpcf7_recaptcha_response\" value=\"\" \/>\n<\/div>\n<div class=\"app col-3\"><label> Nom :\n\t<span class=\"wpcf7-form-control-wrap\" data-name=\"your-name\"><input size=\"40\" maxlength=\"400\" class=\"wpcf7-form-control wpcf7-text wpcf7-validates-as-required\" aria-required=\"true\" aria-invalid=\"false\" value=\"\" type=\"text\" name=\"your-name\" \/><\/span><\/label>\n<label>Courriel :\n\t<span class=\"wpcf7-form-control-wrap\" data-name=\"your-email\"><input size=\"40\" maxlength=\"400\" class=\"wpcf7-form-control wpcf7-email wpcf7-validates-as-required wpcf7-text wpcf7-validates-as-email\" aria-required=\"true\" aria-invalid=\"false\" value=\"\" type=\"email\" name=\"your-email\" \/><\/span><\/label>\n<label>T\u00e9l\u00e9phone :\n\t<span class=\"wpcf7-form-control-wrap\" data-name=\"tel-phone\"><input size=\"40\" maxlength=\"400\" class=\"wpcf7-form-control wpcf7-tel wpcf7-validates-as-required wpcf7-text wpcf7-validates-as-tel\" aria-required=\"true\" aria-invalid=\"false\" value=\"\" type=\"tel\" name=\"tel-phone\" \/><\/span><\/label>\n<label>Date de naissance \/ \u00c2ge :\n\t<span class=\"wpcf7-form-control-wrap\" data-name=\"age\"><input size=\"40\" maxlength=\"400\" class=\"wpcf7-form-control wpcf7-text wpcf7-validates-as-required\" aria-required=\"true\" aria-invalid=\"false\" value=\"\" type=\"text\" name=\"age\" \/><\/span><\/label>\n<label class=\"arrow full\">\n<h4>Quelle intervention vous int\u00e9resse ?<\/h4>\n<span class=\"wpcf7-form-control-wrap\" data-name=\"menu-procedures\"><select class=\"wpcf7-form-control wpcf7-select\" aria-invalid=\"false\" name=\"menu-procedures\"><option value=\"Proc\u00e9dures\">Proc\u00e9dures<\/option><option value=\"optgroup-Visage et cou\">optgroup-Visage et cou<\/option><option value=\"Lifting complet visage et cou\">Lifting complet visage et cou<\/option><option value=\"Mini lifting\">Mini lifting<\/option><option value=\"Transfert de graisse au visage\">Transfert de graisse au visage<\/option><option value=\"R\u00e9vision de cicatrices\">R\u00e9vision de cicatrices<\/option><option value=\"Ex\u00e9r\u00e8se de l\u00e9sions cutan\u00e9es\">Ex\u00e9r\u00e8se de l\u00e9sions cutan\u00e9es<\/option><option value=\"Paralysie faciale\">Paralysie faciale<\/option><option value=\"Reconstruction apr\u00e8s cancer cutan\u00e9 (MOHS)\">Reconstruction apr\u00e8s cancer cutan\u00e9 (MOHS)<\/option><option value=\"endoptgroup\">endoptgroup<\/option><option value=\"optgroup-Nez\">optgroup-Nez<\/option><option value=\"Rhinoplastie esth\u00e9tique\">Rhinoplastie esth\u00e9tique<\/option><option value=\"Rhinoplastie ethnique\">Rhinoplastie ethnique<\/option><option value=\"Correction du nez en selle\">Correction du nez en selle<\/option><option value=\"Rhinoplastie de r\u00e9vision\">Rhinoplastie de r\u00e9vision<\/option><option value=\"Rhinoplastie masculine\">Rhinoplastie masculine<\/option><option value=\"Reconstruction nasale\">Reconstruction nasale<\/option><option value=\"Rhinophyma\">Rhinophyma<\/option><option value=\"Rhinoplastie fonctionnelle\">Rhinoplastie fonctionnelle<\/option><option value=\"endoptgroup\">endoptgroup<\/option><option value=\"optgroup-Yeux\">optgroup-Yeux<\/option><option value=\"Bl\u00e9pharoplastie\">Bl\u00e9pharoplastie<\/option><option value=\"Lifting des sourcils\">Lifting des sourcils<\/option><option value=\"endoptgroup\">endoptgroup<\/option><option value=\"optgroup-Oreilles\">optgroup-Oreilles<\/option><option value=\"Otoplastie\">Otoplastie<\/option><option value=\"R\u00e9paration du lobe de l\u2019oreille\">R\u00e9paration du lobe de l\u2019oreille<\/option><option value=\"endoptgroup\">endoptgroup<\/option><option value=\"optgroup-Partie inf\u00e9rieure du visage\">optgroup-Partie inf\u00e9rieure du visage<\/option><option value=\"Lifting de la l\u00e8vre sup\u00e9rieure\">Lifting de la l\u00e8vre sup\u00e9rieure<\/option><option value=\"R\u00e9duction des boules de Bichat\">R\u00e9duction des boules de Bichat<\/option><option value=\"Augmentation des joues avec implants\">Augmentation des joues avec implants<\/option><option value=\"Augmentation du menton avec implants\">Augmentation du menton avec implants<\/option><option value=\"endoptgroup\">endoptgroup<\/option><option value=\"optgroup-Non chirurgical\">optgroup-Non chirurgical<\/option><option value=\"Agents de comblement\">Agents de comblement<\/option><option value=\"Neuromodulateurs\">Neuromodulateurs<\/option><option value=\"Sculptra\">Sculptra<\/option><option value=\"Restauration capillaire PRP\">Restauration capillaire PRP<\/option><option value=\"Traitement vasculaire au laser\">Traitement vasculaire au laser<\/option><option value=\"endoptgroup\">endoptgroup<\/option><option value=\"optgroup-Autre\">optgroup-Autre<\/option><option value=\"Autre\">Autre<\/option><option value=\"endoptgroup\">endoptgroup<\/option><\/select><\/span><\/label>\n<div class=\"full\">\n<h4>Avez-vous d\u00e9j\u00e0 subi des chirurgies ?<\/h4> <span class=\"wpcf7-form-control-wrap\" data-name=\"surgeries\"><span class=\"wpcf7-form-control wpcf7-radio\"><span class=\"wpcf7-list-item first\"><label><input type=\"radio\" name=\"surgeries\" value=\"Oui\" \/><span class=\"wpcf7-list-item-label\">Oui<\/span><\/label><\/span><span class=\"wpcf7-list-item last\"><label><input type=\"radio\" name=\"surgeries\" value=\"Non\" \/><span class=\"wpcf7-list-item-label\">Non<\/span><\/label><\/span><\/span><\/span>\n<div data-id=\"group-surgeries\" data-orig_data_id=\"group-surgeries\"  data-class=\"wpcf7cf_group\">\n<label><span class=\"wpcf7-form-control-wrap\" data-name=\"surgeries_problems\"><textarea cols=\"40\" rows=\"10\" maxlength=\"2000\" class=\"wpcf7-form-control wpcf7-textarea\" aria-invalid=\"false\" placeholder=\"Veuillez les lister\" name=\"surgeries_problems\"><\/textarea><\/span><\/label><\/div>\n<h4>Prenez-vous des m\u00e9dicaments quotidiennement ?<\/h4> <span class=\"wpcf7-form-control-wrap\" data-name=\"medications\"><span class=\"wpcf7-form-control wpcf7-radio\"><span class=\"wpcf7-list-item first\"><label><input type=\"radio\" name=\"medications\" value=\"Oui\" \/><span class=\"wpcf7-list-item-label\">Oui<\/span><\/label><\/span><span class=\"wpcf7-list-item last\"><label><input type=\"radio\" name=\"medications\" value=\"Non\" \/><span class=\"wpcf7-list-item-label\">Non<\/span><\/label><\/span><\/span><\/span>\n<div data-id=\"group-medications\" data-orig_data_id=\"group-medications\"  data-class=\"wpcf7cf_group\"><label><span class=\"wpcf7-form-control-wrap\" data-name=\"medications_problems\"><textarea cols=\"40\" rows=\"10\" maxlength=\"2000\" class=\"wpcf7-form-control wpcf7-textarea\" aria-invalid=\"false\" placeholder=\"Veuillez les lister\" name=\"medications_problems\"><\/textarea><\/span><\/label><\/div>\n<h4>Fumez-vous ?<\/h4> <span class=\"wpcf7-form-control-wrap\" data-name=\"smoke\"><span class=\"wpcf7-form-control wpcf7-radio\"><span class=\"wpcf7-list-item first\"><label><input type=\"radio\" name=\"smoke\" value=\"Oui\" \/><span class=\"wpcf7-list-item-label\">Oui<\/span><\/label><\/span><span class=\"wpcf7-list-item last\"><label><input type=\"radio\" name=\"smoke\" value=\"Non\" \/><span class=\"wpcf7-list-item-label\">Non<\/span><\/label><\/span><\/span><\/span>\n<div data-id=\"group-smoke\" data-orig_data_id=\"group-smoke\"  data-class=\"wpcf7cf_group\"><label><span class=\"wpcf7-form-control-wrap\" data-name=\"smoke_problems\"><textarea cols=\"40\" rows=\"10\" maxlength=\"2000\" class=\"wpcf7-form-control wpcf7-textarea\" aria-invalid=\"false\" placeholder=\"Si oui, combien par jour et depuis combien d\u2019ann\u00e9es ?\" name=\"smoke_problems\"><\/textarea><\/span><\/label><\/div>\n<h4>Souhaitez-vous combiner plusieurs interventions en une seule s\u00e9ance ?<\/h4>\n\t<span class=\"wpcf7-form-control-wrap\" data-name=\"multipleprocs\"><span class=\"wpcf7-form-control wpcf7-radio\"><span class=\"wpcf7-list-item first\"><label><input type=\"radio\" name=\"multipleprocs\" value=\"Oui\" \/><span class=\"wpcf7-list-item-label\">Oui<\/span><\/label><\/span><span class=\"wpcf7-list-item last\"><label><input type=\"radio\" name=\"multipleprocs\" value=\"Non\" \/><span class=\"wpcf7-list-item-label\">Non<\/span><\/label><\/span><\/span><\/span>\n<h4>Veuillez d\u00e9crire vos objectifs :<\/h4>\n<span class=\"wpcf7-form-control-wrap\" data-name=\"textarea-952\"><textarea cols=\"40\" rows=\"10\" maxlength=\"2000\" class=\"wpcf7-form-control wpcf7-textarea\" aria-invalid=\"false\" name=\"textarea-952\"><\/textarea><\/span>\n<h4>Comment nous avez-vous trouv\u00e9s ?<\/h4>\n<span class=\"wpcf7-form-control-wrap\" data-name=\"text-260\"><input size=\"40\" maxlength=\"400\" class=\"wpcf7-form-control wpcf7-text\" aria-invalid=\"false\" value=\"\" type=\"text\" name=\"text-260\" \/><\/span>\n<h4>T\u00e9l\u00e9versez vos photos : <em style=\"display:block;font-size:0.8rem;font-weight:300\">(gros plan de votre visage)<\/em><\/h4>\n\t<span class=\"wpcf7-form-control-wrap\" data-name=\"mfile-351\"><input size=\"40\" class=\"wpcf7-form-control wpcf7-drag-n-drop-file d-none\" aria-invalid=\"false\" type=\"file\" multiple=\"multiple\" data-name=\"mfile-351\" data-type=\"jpg|jpeg|png|pdf|heic\" data-limit=\"30mb\" data-id=\"1011\" data-version=\"free version 1.3.9.1\" accept=\".jpg, .jpeg, .png, .pdf, .heic\" \/><\/span>\n<input class=\"wpcf7-form-control wpcf7-submit has-spinner\" type=\"submit\" value=\"Soumettre\" \/>\n<\/div>\n<\/div>\n<script>\njQuery(document).ready(function(){\nvar foundin = jQuery('select option:contains(\"optgroup-\")');\njQuery.each(foundin, function(value){\nvar updated = jQuery(this).val().replace('optgroup-','');\njQuery(this).nextUntil('option:contains(\"endoptgroup\")').wrapAll('<optgroup label=\"'+updated+'\"><\/optgroup>');\n});\njQuery('select option:contains(\"optgroup-\")').remove();\njQuery('select option:contains(\"endoptgroup\")').remove();\n});\n<\/script><div class=\"wpcf7-response-output\" aria-hidden=\"true\"><\/div>\n<\/form>\n<\/div>\n[\/vc_column][\/vc_row]<\/p>\n<\/div>","protected":false},"excerpt":{"rendered":"<p>[vc_row css_animation=\u00a0\u00bb\u00a0\u00bb row_type=\u00a0\u00bbrow\u00a0\u00bb use_row_as_full_screen_section=\u00a0\u00bbno\u00a0\u00bb type=\u00a0\u00bbgrid\u00a0\u00bb angled_section=\u00a0\u00bbno\u00a0\u00bb text_align=\u00a0\u00bbleft\u00a0\u00bb background_image_as_pattern=\u00a0\u00bbwithout_pattern\u00a0\u00bb el_id=\u00a0\u00bbbook-hero\u00a0\u00bb z_index=\u00a0\u00bb\u00a0\u00bb][vc_column][vc_column_text css=\u00a0\u00bb\u00a0\u00bb] Prenez rendez-vous pour une consultation R\u00e9servez votre consultation personnalis\u00e9e avec le Dr Dolev et faites le premier pas vers votre transformation. Un membre de notre \u00e9quipe vous contactera pour confirmer la date et l\u2019heure&#8230;.<\/p>\n","protected":false},"author":1,"featured_media":707,"parent":0,"menu_order":0,"comment_status":"closed","ping_status":"closed","template":"full_width.php","meta":{"footnotes":""},"class_list":["post-1015","page","type-page","status-publish","has-post-thumbnail","hentry"],"acf":[],"yoast_head":"<!-- This site is optimized with the Yoast SEO plugin v25.5 - https:\/\/yoast.com\/wordpress\/plugins\/seo\/ -->\n<title>Consultation chirurgie esth\u00e9tique Montr\u00e9al<\/title>\n<meta name=\"description\" content=\"Planifiez votre rencontre avec le Dr Dolev pour une \u00e9valuation personnalis\u00e9e en chirurgie esth\u00e9tique du visage \u00e0 Montr\u00e9al.\" \/>\n<meta name=\"robots\" content=\"index, follow, max-snippet:-1, max-image-preview:large, max-video-preview:-1\" \/>\n<link rel=\"canonical\" href=\"https:\/\/www.dryalondolev.com\/fr\/consultation\/\" \/>\n<meta property=\"og:locale\" content=\"fr_FR\" \/>\n<meta property=\"og:type\" content=\"article\" \/>\n<meta property=\"og:title\" content=\"Consultation chirurgie esth\u00e9tique Montr\u00e9al\" \/>\n<meta property=\"og:description\" content=\"Planifiez votre rencontre avec le Dr Dolev pour une \u00e9valuation personnalis\u00e9e en chirurgie esth\u00e9tique du visage \u00e0 Montr\u00e9al.\" \/>\n<meta property=\"og:url\" content=\"https:\/\/www.dryalondolev.com\/fr\/consultation\/\" \/>\n<meta property=\"og:site_name\" content=\"Dolev\" \/>\n<meta property=\"article:publisher\" content=\"https:\/\/www.facebook.com\/dryalondolevmd\" \/>\n<meta property=\"article:modified_time\" content=\"2025-08-05T13:12:10+00:00\" \/>\n<meta property=\"og:image\" content=\"https:\/\/www.dryalondolev.com\/wp-content\/uploads\/2024\/12\/close-up-ent-doctor-examines-the-nasal-cavity.jpg\" \/>\n\t<meta property=\"og:image:width\" content=\"1600\" \/>\n\t<meta property=\"og:image:height\" content=\"1600\" \/>\n\t<meta property=\"og:image:type\" content=\"image\/jpeg\" \/>\n<meta name=\"twitter:card\" content=\"summary_large_image\" \/>\n<meta name=\"twitter:label1\" content=\"Dur\u00e9e de lecture estim\u00e9e\" \/>\n\t<meta name=\"twitter:data1\" content=\"1 minute\" \/>\n<script type=\"application\/ld+json\" class=\"yoast-schema-graph\">{\"@context\":\"https:\/\/schema.org\",\"@graph\":[{\"@type\":\"WebPage\",\"@id\":\"https:\/\/www.dryalondolev.com\/fr\/consultation\/\",\"url\":\"https:\/\/www.dryalondolev.com\/fr\/consultation\/\",\"name\":\"Consultation chirurgie esth\u00e9tique Montr\u00e9al\",\"isPartOf\":{\"@id\":\"https:\/\/www.dryalondolev.com\/fr\/#website\"},\"primaryImageOfPage\":{\"@id\":\"https:\/\/www.dryalondolev.com\/fr\/consultation\/#primaryimage\"},\"image\":{\"@id\":\"https:\/\/www.dryalondolev.com\/fr\/consultation\/#primaryimage\"},\"thumbnailUrl\":\"https:\/\/www.dryalondolev.com\/wp-content\/uploads\/2024\/12\/close-up-ent-doctor-examines-the-nasal-cavity.jpg\",\"datePublished\":\"2024-12-19T17:52:56+00:00\",\"dateModified\":\"2025-08-05T13:12:10+00:00\",\"description\":\"Planifiez votre rencontre avec le Dr Dolev pour une \u00e9valuation personnalis\u00e9e en chirurgie esth\u00e9tique du visage \u00e0 Montr\u00e9al.\",\"breadcrumb\":{\"@id\":\"https:\/\/www.dryalondolev.com\/fr\/consultation\/#breadcrumb\"},\"inLanguage\":\"fr-FR\",\"potentialAction\":[{\"@type\":\"ReadAction\",\"target\":[\"https:\/\/www.dryalondolev.com\/fr\/consultation\/\"]}]},{\"@type\":\"ImageObject\",\"inLanguage\":\"fr-FR\",\"@id\":\"https:\/\/www.dryalondolev.com\/fr\/consultation\/#primaryimage\",\"url\":\"https:\/\/www.dryalondolev.com\/wp-content\/uploads\/2024\/12\/close-up-ent-doctor-examines-the-nasal-cavity.jpg\",\"contentUrl\":\"https:\/\/www.dryalondolev.com\/wp-content\/uploads\/2024\/12\/close-up-ent-doctor-examines-the-nasal-cavity.jpg\",\"width\":1600,\"height\":1600},{\"@type\":\"BreadcrumbList\",\"@id\":\"https:\/\/www.dryalondolev.com\/fr\/consultation\/#breadcrumb\",\"itemListElement\":[{\"@type\":\"ListItem\",\"position\":1,\"name\":\"Home\",\"item\":\"https:\/\/www.dryalondolev.com\/fr\/\"},{\"@type\":\"ListItem\",\"position\":2,\"name\":\"Consultation\"}]},{\"@type\":\"WebSite\",\"@id\":\"https:\/\/www.dryalondolev.com\/fr\/#website\",\"url\":\"https:\/\/www.dryalondolev.com\/fr\/\",\"name\":\"Dr. Yalon Dolev\",\"description\":\"Facial Plastic Surgeon\",\"publisher\":{\"@id\":\"https:\/\/www.dryalondolev.com\/fr\/#organization\"},\"alternateName\":\"Dr. Yalon Dolev\",\"potentialAction\":[{\"@type\":\"SearchAction\",\"target\":{\"@type\":\"EntryPoint\",\"urlTemplate\":\"https:\/\/www.dryalondolev.com\/fr\/?s={search_term_string}\"},\"query-input\":{\"@type\":\"PropertyValueSpecification\",\"valueRequired\":true,\"valueName\":\"search_term_string\"}}],\"inLanguage\":\"fr-FR\"},{\"@type\":\"Organization\",\"@id\":\"https:\/\/www.dryalondolev.com\/fr\/#organization\",\"name\":\"Facial Plastic Surgeon\",\"url\":\"https:\/\/www.dryalondolev.com\/fr\/\",\"logo\":{\"@type\":\"ImageObject\",\"inLanguage\":\"fr-FR\",\"@id\":\"https:\/\/www.dryalondolev.com\/fr\/#\/schema\/logo\/image\/\",\"url\":\"https:\/\/www.dryalondolev.com\/wp-content\/uploads\/2025\/03\/Logo_YD_1_.png\",\"contentUrl\":\"https:\/\/www.dryalondolev.com\/wp-content\/uploads\/2025\/03\/Logo_YD_1_.png\",\"width\":560,\"height\":160,\"caption\":\"Facial Plastic Surgeon\"},\"image\":{\"@id\":\"https:\/\/www.dryalondolev.com\/fr\/#\/schema\/logo\/image\/\"},\"sameAs\":[\"https:\/\/www.facebook.com\/dryalondolevmd\",\"https:\/\/www.instagram.com\/dryalondolev\/\"]}]}<\/script>\n<!-- \/ Yoast SEO plugin. -->","yoast_head_json":{"title":"Consultation chirurgie esth\u00e9tique Montr\u00e9al","description":"Planifiez votre rencontre avec le Dr Dolev pour une \u00e9valuation personnalis\u00e9e en chirurgie esth\u00e9tique du visage \u00e0 Montr\u00e9al.","robots":{"index":"index","follow":"follow","max-snippet":"max-snippet:-1","max-image-preview":"max-image-preview:large","max-video-preview":"max-video-preview:-1"},"canonical":"https:\/\/www.dryalondolev.com\/fr\/consultation\/","og_locale":"fr_FR","og_type":"article","og_title":"Consultation chirurgie esth\u00e9tique Montr\u00e9al","og_description":"Planifiez votre rencontre avec le Dr Dolev pour une \u00e9valuation personnalis\u00e9e en chirurgie esth\u00e9tique du visage \u00e0 Montr\u00e9al.","og_url":"https:\/\/www.dryalondolev.com\/fr\/consultation\/","og_site_name":"Dolev","article_publisher":"https:\/\/www.facebook.com\/dryalondolevmd","article_modified_time":"2025-08-05T13:12:10+00:00","og_image":[{"width":1600,"height":1600,"url":"https:\/\/www.dryalondolev.com\/wp-content\/uploads\/2024\/12\/close-up-ent-doctor-examines-the-nasal-cavity.jpg","type":"image\/jpeg"}],"twitter_card":"summary_large_image","twitter_misc":{"Dur\u00e9e de lecture estim\u00e9e":"1 minute"},"schema":{"@context":"https:\/\/schema.org","@graph":[{"@type":"WebPage","@id":"https:\/\/www.dryalondolev.com\/fr\/consultation\/","url":"https:\/\/www.dryalondolev.com\/fr\/consultation\/","name":"Consultation chirurgie esth\u00e9tique Montr\u00e9al","isPartOf":{"@id":"https:\/\/www.dryalondolev.com\/fr\/#website"},"primaryImageOfPage":{"@id":"https:\/\/www.dryalondolev.com\/fr\/consultation\/#primaryimage"},"image":{"@id":"https:\/\/www.dryalondolev.com\/fr\/consultation\/#primaryimage"},"thumbnailUrl":"https:\/\/www.dryalondolev.com\/wp-content\/uploads\/2024\/12\/close-up-ent-doctor-examines-the-nasal-cavity.jpg","datePublished":"2024-12-19T17:52:56+00:00","dateModified":"2025-08-05T13:12:10+00:00","description":"Planifiez votre rencontre avec le Dr Dolev pour une \u00e9valuation personnalis\u00e9e en chirurgie esth\u00e9tique du visage \u00e0 Montr\u00e9al.","breadcrumb":{"@id":"https:\/\/www.dryalondolev.com\/fr\/consultation\/#breadcrumb"},"inLanguage":"fr-FR","potentialAction":[{"@type":"ReadAction","target":["https:\/\/www.dryalondolev.com\/fr\/consultation\/"]}]},{"@type":"ImageObject","inLanguage":"fr-FR","@id":"https:\/\/www.dryalondolev.com\/fr\/consultation\/#primaryimage","url":"https:\/\/www.dryalondolev.com\/wp-content\/uploads\/2024\/12\/close-up-ent-doctor-examines-the-nasal-cavity.jpg","contentUrl":"https:\/\/www.dryalondolev.com\/wp-content\/uploads\/2024\/12\/close-up-ent-doctor-examines-the-nasal-cavity.jpg","width":1600,"height":1600},{"@type":"BreadcrumbList","@id":"https:\/\/www.dryalondolev.com\/fr\/consultation\/#breadcrumb","itemListElement":[{"@type":"ListItem","position":1,"name":"Home","item":"https:\/\/www.dryalondolev.com\/fr\/"},{"@type":"ListItem","position":2,"name":"Consultation"}]},{"@type":"WebSite","@id":"https:\/\/www.dryalondolev.com\/fr\/#website","url":"https:\/\/www.dryalondolev.com\/fr\/","name":"Dr. Yalon Dolev","description":"Facial Plastic Surgeon","publisher":{"@id":"https:\/\/www.dryalondolev.com\/fr\/#organization"},"alternateName":"Dr. Yalon Dolev","potentialAction":[{"@type":"SearchAction","target":{"@type":"EntryPoint","urlTemplate":"https:\/\/www.dryalondolev.com\/fr\/?s={search_term_string}"},"query-input":{"@type":"PropertyValueSpecification","valueRequired":true,"valueName":"search_term_string"}}],"inLanguage":"fr-FR"},{"@type":"Organization","@id":"https:\/\/www.dryalondolev.com\/fr\/#organization","name":"Facial Plastic Surgeon","url":"https:\/\/www.dryalondolev.com\/fr\/","logo":{"@type":"ImageObject","inLanguage":"fr-FR","@id":"https:\/\/www.dryalondolev.com\/fr\/#\/schema\/logo\/image\/","url":"https:\/\/www.dryalondolev.com\/wp-content\/uploads\/2025\/03\/Logo_YD_1_.png","contentUrl":"https:\/\/www.dryalondolev.com\/wp-content\/uploads\/2025\/03\/Logo_YD_1_.png","width":560,"height":160,"caption":"Facial Plastic Surgeon"},"image":{"@id":"https:\/\/www.dryalondolev.com\/fr\/#\/schema\/logo\/image\/"},"sameAs":["https:\/\/www.facebook.com\/dryalondolevmd","https:\/\/www.instagram.com\/dryalondolev\/"]}]}},"_links":{"self":[{"href":"https:\/\/www.dryalondolev.com\/fr\/wp-json\/wp\/v2\/pages\/1015","targetHints":{"allow":["GET"]}}],"collection":[{"href":"https:\/\/www.dryalondolev.com\/fr\/wp-json\/wp\/v2\/pages"}],"about":[{"href":"https:\/\/www.dryalondolev.com\/fr\/wp-json\/wp\/v2\/types\/page"}],"author":[{"embeddable":true,"href":"https:\/\/www.dryalondolev.com\/fr\/wp-json\/wp\/v2\/users\/1"}],"replies":[{"embeddable":true,"href":"https:\/\/www.dryalondolev.com\/fr\/wp-json\/wp\/v2\/comments?post=1015"}],"version-history":[{"count":7,"href":"https:\/\/www.dryalondolev.com\/fr\/wp-json\/wp\/v2\/pages\/1015\/revisions"}],"predecessor-version":[{"id":1161,"href":"https:\/\/www.dryalondolev.com\/fr\/wp-json\/wp\/v2\/pages\/1015\/revisions\/1161"}],"wp:featuredmedia":[{"embeddable":true,"href":"https:\/\/www.dryalondolev.com\/fr\/wp-json\/wp\/v2\/media\/707"}],"wp:attachment":[{"href":"https:\/\/www.dryalondolev.com\/fr\/wp-json\/wp\/v2\/media?parent=1015"}],"curies":[{"name":"wp","href":"https:\/\/api.w.org\/{rel}","templated":true}]}}