{"id":1012,"date":"2025-03-24T20:50:02","date_gmt":"2025-03-24T20:50:02","guid":{"rendered":"https:\/\/www.dryalondolev.com\/contact\/"},"modified":"2025-08-05T13:28:27","modified_gmt":"2025-08-05T13:28:27","slug":"contact","status":"publish","type":"page","link":"https:\/\/www.dryalondolev.com\/fr\/contact\/","title":{"rendered":"Contact"},"content":{"rendered":"<div class=\"wpb-content-wrapper\"><p>[vc_row css_animation=\u00a0\u00bb\u00a0\u00bb row_type=\u00a0\u00bbrow\u00a0\u00bb use_row_as_full_screen_section=\u00a0\u00bbno\u00a0\u00bb type=\u00a0\u00bbgrid\u00a0\u00bb angled_section=\u00a0\u00bbno\u00a0\u00bb text_align=\u00a0\u00bbleft\u00a0\u00bb background_image_as_pattern=\u00a0\u00bbwithout_pattern\u00a0\u00bb el_id=\u00a0\u00bbcontact\u00a0\u00bb z_index=\u00a0\u00bb\u00a0\u00bb][vc_column width=\u00a0\u00bb1\/3&Prime;][vc_column_text css=\u00a0\u00bb\u00a0\u00bb]<\/p>\n<h2>Dr Yalon Dolev <em>Chirurgien plasticien du visage<\/em><\/h2>\n<p>[\/vc_column_text]<div class='q_icon_with_title small normal_icon '><div class=\"icon_holder \" style=\" \"><span data-icon-type=\"normal\" class=\"qode_iwt_icon_holder q_font_awsome_icon fa-2x  \"><i class=\"qodef-icon-linea-icon icon-basic-geolocalize-01 qode_iwt_icon_element\"><\/i><\/span><\/div><div class=\"icon_text_holder\" style=\"\"><div class=\"icon_text_inner\" style=\"\"><h5 class=\"icon_title\" style=\"\"><\/h5><p style=''>1001 Saint-Antoine W, Suite 110,<br \/>\nMontr\u00e9al, Qu\u00e9bec<br \/>\nH3C 4T7<\/p><\/div><\/div><\/div><div class='q_icon_with_title small normal_icon '><div class=\"icon_holder \" style=\" \"><span data-icon-type=\"normal\" class=\"qode_iwt_icon_holder q_font_awsome_icon fa-2x  \"><i class=\"qode_icon_font_awesome fa fa-phone qode_iwt_icon_element\"><\/i><\/span><\/div><div class=\"icon_text_holder\" style=\"\"><div class=\"icon_text_inner\" style=\"\"><h5 class=\"icon_title\" style=\"\"><\/h5><p style=''><\/p><a itemprop='url' class='icon_with_title_link' href='tel:5147004546' target='_self' style=''>(514) 700-4546<\/a><\/div><\/div><\/div><span class='q_social_icon_holder normal_social' ><a itemprop='url' href='https:\/\/www.instagram.com\/dryalondolev\/' target='_blank'><i class=\"qode_icon_font_awesome fa fa-instagram fa-lg simple_social\" style=\"\" ><\/i><\/a><\/span><span class='q_social_icon_holder normal_social' ><a itemprop='url' href='https:\/\/www.facebook.com\/dryalondolevmd' target='_blank'><i class=\"qode_icon_font_awesome fa fa-facebook fa-lg simple_social\" style=\"\" ><\/i><\/a><\/span>[\/vc_column][vc_column width=\u00a0\u00bb2\/3&Prime;][vc_column_text css=\u00a0\u00bb\u00a0\u00bb]<\/p>\n<h3>Contactez-nous<\/h3>\n<p>Si vous avez des questions, n\u2019h\u00e9sitez pas \u00e0 communiquer avec notre bureau \u2014 un membre de notre \u00e9quipe vous r\u00e9pondra dans les plus brefs d\u00e9lais. Pour prendre un rendez-vous avec le Dr Dolev, veuillez remplir notre <a href=\"https:\/\/www.dryalondolev.com\/fr\/consultation\/\">formulaire de demande<\/a>.[\/vc_column_text]\n<div class=\"wpcf7 no-js\" id=\"wpcf7-f1010-o1\" lang=\"fr-FR\" dir=\"ltr\" data-wpcf7-id=\"1010\">\n<div class=\"screen-reader-response\"><p role=\"status\" aria-live=\"polite\" aria-atomic=\"true\"><\/p> <ul><\/ul><\/div>\n<form action=\"\/fr\/wp-json\/wp\/v2\/pages\/1012#wpcf7-f1010-o1\" method=\"post\" class=\"wpcf7-form init default\" aria-label=\"Formulaire de contact\" novalidate=\"novalidate\" data-status=\"init\">\n<div style=\"display: none;\">\n<input type=\"hidden\" name=\"_wpcf7\" value=\"1010\" \/>\n<input type=\"hidden\" name=\"_wpcf7_version\" value=\"6.0.1\" \/>\n<input type=\"hidden\" name=\"_wpcf7_locale\" value=\"fr_FR\" \/>\n<input type=\"hidden\" name=\"_wpcf7_unit_tag\" value=\"wpcf7-f1010-o1\" \/>\n<input type=\"hidden\" name=\"_wpcf7_container_post\" value=\"0\" \/>\n<input type=\"hidden\" name=\"_wpcf7_posted_data_hash\" value=\"\" \/>\n<input type=\"hidden\" name=\"_wpcf7cf_hidden_group_fields\" value=\"[]\" \/>\n<input type=\"hidden\" name=\"_wpcf7cf_hidden_groups\" value=\"[]\" \/>\n<input type=\"hidden\" name=\"_wpcf7cf_visible_groups\" value=\"[]\" \/>\n<input type=\"hidden\" name=\"_wpcf7cf_repeaters\" value=\"[]\" \/>\n<input type=\"hidden\" name=\"_wpcf7cf_steps\" value=\"{}\" \/>\n<input type=\"hidden\" name=\"_wpcf7cf_options\" value=\"{&quot;form_id&quot;:1010,&quot;conditions&quot;:[],&quot;settings&quot;:{&quot;animation&quot;:&quot;yes&quot;,&quot;animation_intime&quot;:200,&quot;animation_outtime&quot;:200,&quot;conditions_ui&quot;:&quot;normal&quot;,&quot;notice_dismissed&quot;:false}}\" \/>\n<input type=\"hidden\" name=\"_wpcf7_recaptcha_response\" value=\"\" \/>\n<\/div>\n<div class=\"ccol-3\"><label>Nom\n    <span class=\"wpcf7-form-control-wrap\" data-name=\"your-name\"><input size=\"40\" maxlength=\"400\" class=\"wpcf7-form-control wpcf7-text wpcf7-validates-as-required\" autocomplete=\"name\" aria-required=\"true\" aria-invalid=\"false\" value=\"\" type=\"text\" name=\"your-name\" \/><\/span> <\/label>\n<label>Courriel\n    <span class=\"wpcf7-form-control-wrap\" data-name=\"your-email\"><input size=\"40\" maxlength=\"400\" class=\"wpcf7-form-control wpcf7-email wpcf7-validates-as-required wpcf7-text wpcf7-validates-as-email\" autocomplete=\"email\" aria-required=\"true\" aria-invalid=\"false\" value=\"\" type=\"email\" name=\"your-email\" \/><\/span> <\/label>\n<label>T\u00e9l\u00e9phone\n<span class=\"wpcf7-form-control-wrap\" data-name=\"tel-399\"><input size=\"40\" maxlength=\"400\" class=\"wpcf7-form-control wpcf7-tel wpcf7-validates-as-required wpcf7-text wpcf7-validates-as-tel\" aria-required=\"true\" aria-invalid=\"false\" value=\"\" type=\"tel\" name=\"tel-399\" \/><\/span><\/label><\/div>\n<span class=\"wpcf7-form-control-wrap\" data-name=\"your-message\"><textarea cols=\"40\" rows=\"10\" maxlength=\"2000\" class=\"wpcf7-form-control wpcf7-textarea\" aria-invalid=\"false\" placeholder=\"Message\" name=\"your-message\"><\/textarea><\/span> \n<input class=\"wpcf7-form-control wpcf7-submit has-spinner\" type=\"submit\" value=\"Soumettre\" \/><div class=\"wpcf7-response-output\" aria-hidden=\"true\"><\/div>\n<\/form>\n<\/div>\n[\/vc_column][\/vc_row][vc_row css_animation=\u00a0\u00bb\u00a0\u00bb row_type=\u00a0\u00bbrow\u00a0\u00bb use_row_as_full_screen_section=\u00a0\u00bbno\u00a0\u00bb type=\u00a0\u00bbfull_width\u00a0\u00bb angled_section=\u00a0\u00bbno\u00a0\u00bb text_align=\u00a0\u00bbleft\u00a0\u00bb background_image_as_pattern=\u00a0\u00bbwithout_pattern\u00a0\u00bb el_id=\u00a0\u00bbmap\u00a0\u00bb z_index=\u00a0\u00bb\u00a0\u00bb][vc_column][\/vc_column][\/vc_row]<\/p>\n<\/div>","protected":false},"excerpt":{"rendered":"<p>[vc_row css_animation=\u00a0\u00bb\u00a0\u00bb row_type=\u00a0\u00bbrow\u00a0\u00bb use_row_as_full_screen_section=\u00a0\u00bbno\u00a0\u00bb type=\u00a0\u00bbgrid\u00a0\u00bb angled_section=\u00a0\u00bbno\u00a0\u00bb text_align=\u00a0\u00bbleft\u00a0\u00bb background_image_as_pattern=\u00a0\u00bbwithout_pattern\u00a0\u00bb el_id=\u00a0\u00bbcontact\u00a0\u00bb z_index=\u00a0\u00bb\u00a0\u00bb][vc_column width=\u00a0\u00bb1\/3&Prime;][vc_column_text css=\u00a0\u00bb\u00a0\u00bb] Dr Yalon Dolev Chirurgien plasticien du visage [\/vc_column_text][\/vc_column][vc_column width=\u00a0\u00bb2\/3&Prime;][vc_column_text css=\u00a0\u00bb\u00a0\u00bb] Contactez-nous Si vous avez des questions, n\u2019h\u00e9sitez pas \u00e0 communiquer avec notre bureau \u2014 un membre de notre \u00e9quipe vous r\u00e9pondra dans les&#8230;<\/p>\n","protected":false},"author":1,"featured_media":0,"parent":0,"menu_order":0,"comment_status":"closed","ping_status":"closed","template":"full_width.php","meta":{"footnotes":""},"class_list":["post-1012","page","type-page","status-publish","hentry"],"acf":[],"yoast_head":"<!-- This site is optimized with the Yoast SEO plugin v25.5 - https:\/\/yoast.com\/wordpress\/plugins\/seo\/ -->\n<title>Contactez la clinique du Dr Dolev<\/title>\n<meta name=\"description\" content=\"Prenez rendez-vous \u00e0 Montr\u00e9al pour une chirurgie esth\u00e9tique ou reconstructive du visage. Contactez notre \u00e9quipe d\u00e8s aujourd\u2019hui.\" \/>\n<meta name=\"robots\" content=\"index, follow, max-snippet:-1, max-image-preview:large, max-video-preview:-1\" \/>\n<link rel=\"canonical\" href=\"https:\/\/www.dryalondolev.com\/fr\/contact\/\" \/>\n<meta property=\"og:locale\" content=\"fr_FR\" \/>\n<meta property=\"og:type\" content=\"article\" \/>\n<meta property=\"og:title\" content=\"Contactez la clinique du Dr Dolev\" \/>\n<meta property=\"og:description\" content=\"Prenez rendez-vous \u00e0 Montr\u00e9al pour une chirurgie esth\u00e9tique ou reconstructive du visage. Contactez notre \u00e9quipe d\u00e8s aujourd\u2019hui.\" \/>\n<meta property=\"og:url\" content=\"https:\/\/www.dryalondolev.com\/fr\/contact\/\" \/>\n<meta property=\"og:site_name\" content=\"Dolev\" \/>\n<meta property=\"article:publisher\" content=\"https:\/\/www.facebook.com\/dryalondolevmd\" \/>\n<meta property=\"article:modified_time\" content=\"2025-08-05T13:28:27+00:00\" \/>\n<meta property=\"og:image\" content=\"https:\/\/www.dryalondolev.com\/wp-content\/uploads\/2025\/07\/dolev.jpg\" \/>\n\t<meta property=\"og:image:width\" content=\"1200\" \/>\n\t<meta property=\"og:image:height\" content=\"675\" \/>\n\t<meta property=\"og:image:type\" content=\"image\/jpeg\" \/>\n<meta name=\"twitter:card\" content=\"summary_large_image\" \/>\n<meta name=\"twitter:label1\" content=\"Dur\u00e9e de lecture estim\u00e9e\" \/>\n\t<meta name=\"twitter:data1\" content=\"1 minute\" \/>\n<script type=\"application\/ld+json\" class=\"yoast-schema-graph\">{\"@context\":\"https:\/\/schema.org\",\"@graph\":[{\"@type\":\"WebPage\",\"@id\":\"https:\/\/www.dryalondolev.com\/fr\/contact\/\",\"url\":\"https:\/\/www.dryalondolev.com\/fr\/contact\/\",\"name\":\"Contactez la clinique du Dr Dolev\",\"isPartOf\":{\"@id\":\"https:\/\/www.dryalondolev.com\/fr\/#website\"},\"datePublished\":\"2025-03-24T20:50:02+00:00\",\"dateModified\":\"2025-08-05T13:28:27+00:00\",\"description\":\"Prenez rendez-vous \u00e0 Montr\u00e9al pour une chirurgie esth\u00e9tique ou reconstructive du visage. Contactez notre \u00e9quipe d\u00e8s aujourd\u2019hui.\",\"breadcrumb\":{\"@id\":\"https:\/\/www.dryalondolev.com\/fr\/contact\/#breadcrumb\"},\"inLanguage\":\"fr-FR\",\"potentialAction\":[{\"@type\":\"ReadAction\",\"target\":[\"https:\/\/www.dryalondolev.com\/fr\/contact\/\"]}]},{\"@type\":\"BreadcrumbList\",\"@id\":\"https:\/\/www.dryalondolev.com\/fr\/contact\/#breadcrumb\",\"itemListElement\":[{\"@type\":\"ListItem\",\"position\":1,\"name\":\"Home\",\"item\":\"https:\/\/www.dryalondolev.com\/fr\/\"},{\"@type\":\"ListItem\",\"position\":2,\"name\":\"Contact\"}]},{\"@type\":\"WebSite\",\"@id\":\"https:\/\/www.dryalondolev.com\/fr\/#website\",\"url\":\"https:\/\/www.dryalondolev.com\/fr\/\",\"name\":\"Dr. Yalon Dolev\",\"description\":\"Facial Plastic Surgeon\",\"publisher\":{\"@id\":\"https:\/\/www.dryalondolev.com\/fr\/#organization\"},\"alternateName\":\"Dr. Yalon Dolev\",\"potentialAction\":[{\"@type\":\"SearchAction\",\"target\":{\"@type\":\"EntryPoint\",\"urlTemplate\":\"https:\/\/www.dryalondolev.com\/fr\/?s={search_term_string}\"},\"query-input\":{\"@type\":\"PropertyValueSpecification\",\"valueRequired\":true,\"valueName\":\"search_term_string\"}}],\"inLanguage\":\"fr-FR\"},{\"@type\":\"Organization\",\"@id\":\"https:\/\/www.dryalondolev.com\/fr\/#organization\",\"name\":\"Facial Plastic Surgeon\",\"url\":\"https:\/\/www.dryalondolev.com\/fr\/\",\"logo\":{\"@type\":\"ImageObject\",\"inLanguage\":\"fr-FR\",\"@id\":\"https:\/\/www.dryalondolev.com\/fr\/#\/schema\/logo\/image\/\",\"url\":\"https:\/\/www.dryalondolev.com\/wp-content\/uploads\/2025\/03\/Logo_YD_1_.png\",\"contentUrl\":\"https:\/\/www.dryalondolev.com\/wp-content\/uploads\/2025\/03\/Logo_YD_1_.png\",\"width\":560,\"height\":160,\"caption\":\"Facial Plastic Surgeon\"},\"image\":{\"@id\":\"https:\/\/www.dryalondolev.com\/fr\/#\/schema\/logo\/image\/\"},\"sameAs\":[\"https:\/\/www.facebook.com\/dryalondolevmd\",\"https:\/\/www.instagram.com\/dryalondolev\/\"]}]}<\/script>\n<!-- \/ Yoast SEO plugin. -->","yoast_head_json":{"title":"Contactez la clinique du Dr Dolev","description":"Prenez rendez-vous \u00e0 Montr\u00e9al pour une chirurgie esth\u00e9tique ou reconstructive du visage. Contactez notre \u00e9quipe d\u00e8s aujourd\u2019hui.","robots":{"index":"index","follow":"follow","max-snippet":"max-snippet:-1","max-image-preview":"max-image-preview:large","max-video-preview":"max-video-preview:-1"},"canonical":"https:\/\/www.dryalondolev.com\/fr\/contact\/","og_locale":"fr_FR","og_type":"article","og_title":"Contactez la clinique du Dr Dolev","og_description":"Prenez rendez-vous \u00e0 Montr\u00e9al pour une chirurgie esth\u00e9tique ou reconstructive du visage. Contactez notre \u00e9quipe d\u00e8s aujourd\u2019hui.","og_url":"https:\/\/www.dryalondolev.com\/fr\/contact\/","og_site_name":"Dolev","article_publisher":"https:\/\/www.facebook.com\/dryalondolevmd","article_modified_time":"2025-08-05T13:28:27+00:00","og_image":[{"width":1200,"height":675,"url":"https:\/\/www.dryalondolev.com\/wp-content\/uploads\/2025\/07\/dolev.jpg","type":"image\/jpeg"}],"twitter_card":"summary_large_image","twitter_misc":{"Dur\u00e9e de lecture estim\u00e9e":"1 minute"},"schema":{"@context":"https:\/\/schema.org","@graph":[{"@type":"WebPage","@id":"https:\/\/www.dryalondolev.com\/fr\/contact\/","url":"https:\/\/www.dryalondolev.com\/fr\/contact\/","name":"Contactez la clinique du Dr Dolev","isPartOf":{"@id":"https:\/\/www.dryalondolev.com\/fr\/#website"},"datePublished":"2025-03-24T20:50:02+00:00","dateModified":"2025-08-05T13:28:27+00:00","description":"Prenez rendez-vous \u00e0 Montr\u00e9al pour une chirurgie esth\u00e9tique ou reconstructive du visage. Contactez notre \u00e9quipe d\u00e8s aujourd\u2019hui.","breadcrumb":{"@id":"https:\/\/www.dryalondolev.com\/fr\/contact\/#breadcrumb"},"inLanguage":"fr-FR","potentialAction":[{"@type":"ReadAction","target":["https:\/\/www.dryalondolev.com\/fr\/contact\/"]}]},{"@type":"BreadcrumbList","@id":"https:\/\/www.dryalondolev.com\/fr\/contact\/#breadcrumb","itemListElement":[{"@type":"ListItem","position":1,"name":"Home","item":"https:\/\/www.dryalondolev.com\/fr\/"},{"@type":"ListItem","position":2,"name":"Contact"}]},{"@type":"WebSite","@id":"https:\/\/www.dryalondolev.com\/fr\/#website","url":"https:\/\/www.dryalondolev.com\/fr\/","name":"Dr. Yalon Dolev","description":"Facial Plastic Surgeon","publisher":{"@id":"https:\/\/www.dryalondolev.com\/fr\/#organization"},"alternateName":"Dr. Yalon Dolev","potentialAction":[{"@type":"SearchAction","target":{"@type":"EntryPoint","urlTemplate":"https:\/\/www.dryalondolev.com\/fr\/?s={search_term_string}"},"query-input":{"@type":"PropertyValueSpecification","valueRequired":true,"valueName":"search_term_string"}}],"inLanguage":"fr-FR"},{"@type":"Organization","@id":"https:\/\/www.dryalondolev.com\/fr\/#organization","name":"Facial Plastic Surgeon","url":"https:\/\/www.dryalondolev.com\/fr\/","logo":{"@type":"ImageObject","inLanguage":"fr-FR","@id":"https:\/\/www.dryalondolev.com\/fr\/#\/schema\/logo\/image\/","url":"https:\/\/www.dryalondolev.com\/wp-content\/uploads\/2025\/03\/Logo_YD_1_.png","contentUrl":"https:\/\/www.dryalondolev.com\/wp-content\/uploads\/2025\/03\/Logo_YD_1_.png","width":560,"height":160,"caption":"Facial Plastic Surgeon"},"image":{"@id":"https:\/\/www.dryalondolev.com\/fr\/#\/schema\/logo\/image\/"},"sameAs":["https:\/\/www.facebook.com\/dryalondolevmd","https:\/\/www.instagram.com\/dryalondolev\/"]}]}},"_links":{"self":[{"href":"https:\/\/www.dryalondolev.com\/fr\/wp-json\/wp\/v2\/pages\/1012","targetHints":{"allow":["GET"]}}],"collection":[{"href":"https:\/\/www.dryalondolev.com\/fr\/wp-json\/wp\/v2\/pages"}],"about":[{"href":"https:\/\/www.dryalondolev.com\/fr\/wp-json\/wp\/v2\/types\/page"}],"author":[{"embeddable":true,"href":"https:\/\/www.dryalondolev.com\/fr\/wp-json\/wp\/v2\/users\/1"}],"replies":[{"embeddable":true,"href":"https:\/\/www.dryalondolev.com\/fr\/wp-json\/wp\/v2\/comments?post=1012"}],"version-history":[{"count":6,"href":"https:\/\/www.dryalondolev.com\/fr\/wp-json\/wp\/v2\/pages\/1012\/revisions"}],"predecessor-version":[{"id":1162,"href":"https:\/\/www.dryalondolev.com\/fr\/wp-json\/wp\/v2\/pages\/1012\/revisions\/1162"}],"wp:attachment":[{"href":"https:\/\/www.dryalondolev.com\/fr\/wp-json\/wp\/v2\/media?parent=1012"}],"curies":[{"name":"wp","href":"https:\/\/api.w.org\/{rel}","templated":true}]}}