{"id":1006,"date":"2025-03-24T19:16:43","date_gmt":"2025-03-24T19:16:43","guid":{"rendered":"https:\/\/www.dryalondolev.com\/dr-yalon-dolev\/"},"modified":"2025-07-31T13:38:13","modified_gmt":"2025-07-31T13:38:13","slug":"dr-yalon-dolev","status":"publish","type":"page","link":"https:\/\/www.dryalondolev.com\/fr\/dr-yalon-dolev\/","title":{"rendered":"Dr Yalon Dolev"},"content":{"rendered":"<div class=\"wpb-content-wrapper\"><p>[vc_row css_animation=\u00a0\u00bb\u00a0\u00bb row_type=\u00a0\u00bbrow\u00a0\u00bb use_row_as_full_screen_section=\u00a0\u00bbno\u00a0\u00bb type=\u00a0\u00bbfull_width\u00a0\u00bb angled_section=\u00a0\u00bbno\u00a0\u00bb text_align=\u00a0\u00bbleft\u00a0\u00bb background_image_as_pattern=\u00a0\u00bbwithout_pattern\u00a0\u00bb z_index=\u00a0\u00bb\u00a0\u00bb el_id=\u00a0\u00bbhero\u00a0\u00bb][vc_column width=\u00a0\u00bb1\/2&Prime;]\n\t\t\t<!-- START hero REVOLUTION SLIDER 6.6.16 --><p class=\"rs-p-wp-fix\"><\/p>\n\t\t\t<rs-module-wrap id=\"rev_slider_3_1_wrapper\" data-source=\"post\" style=\"visibility:hidden;background:transparent;padding:0;\">\n\t\t\t\t<rs-module id=\"rev_slider_3_1\" style=\"\" data-version=\"6.6.16\">\n\t\t\t\t\t<rs-slides style=\"overflow: hidden; position: absolute;\">\n\t\t\t\t\t\t<rs-slide style=\"position: absolute;\" data-key=\"rs-1006\" data-title=\"Dr Yalon Dolev\" data-anim=\"e:slidingoverlay;ms:2000;\" data-in=\"o:1;x:-100%;\" data-out=\"a:false;\">\n\t\t\t\t\t\t\t<img decoding=\"async\" src=\"\/\/www.dryalondolev.com\/wp-content\/plugins\/revsliderold\/public\/assets\/assets\/dummy.png\" alt=\"\" title=\"DSC094417\" width=\"1697\" height=\"1800\" class=\"rev-slidebg tp-rs-img rs-lazyload\" data-lazyload=\"\/\/www.dryalondolev.com\/wp-content\/uploads\/2025\/03\/DSC094417.jpg\" data-no-retina>\n<!---->\t\t\t\t\t\t<\/rs-slide>\n\t\t\t\t\t<\/rs-slides>\n\t\t\t\t\t<rs-static-layers><!--\n\n\t\t\t\t\t\t\t--><rs-layer\n\t\t\t\t\t\t\t\tid=\"slider-3-slide-3-layer-1\" \n\t\t\t\t\t\t\t\tclass=\"rs-layer-static\"\n\t\t\t\t\t\t\t\tdata-type=\"shape\"\n\t\t\t\t\t\t\t\tdata-rsp_ch=\"on\"\n\t\t\t\t\t\t\t\tdata-text=\"w:normal;\"\n\t\t\t\t\t\t\t\tdata-dim=\"w:100%;h:100%;\"\n\t\t\t\t\t\t\t\tdata-basealign=\"slide\"\n\t\t\t\t\t\t\t\tdata-onslides=\"s:-1;e:-1;\"\n\t\t\t\t\t\t\t\tdata-frame_999=\"o:0;st:w;\"\n\t\t\t\t\t\t\t\tstyle=\"z-index:5;background-color:rgba(20,59,101,0.3);\"\n\t\t\t\t\t\t\t> \n\t\t\t\t\t\t\t<\/rs-layer><!--\n\t\t\t\t\t--><\/rs-static-layers>\n\t\t\t\t<\/rs-module>\n\t\t\t\t<script>\n\t\t\t\t\tsetREVStartSize({c: 'rev_slider_3_1',rl:[1240,1024,778,480],el:[900],gw:[1240],gh:[900],type:'hero',justify:'',layout:'fullscreen',offsetContainer:'.sizer',offset:'0px',mh:\"0\"});if (window.RS_MODULES!==undefined && window.RS_MODULES.modules!==undefined && window.RS_MODULES.modules[\"revslider31\"]!==undefined) {window.RS_MODULES.modules[\"revslider31\"].once = false;window.revapi3 = undefined;if (window.RS_MODULES.checkMinimal!==undefined) window.RS_MODULES.checkMinimal()}\n\t\t\t\t<\/script>\n\t\t\t<\/rs-module-wrap>\n\t\t\t<!-- END REVOLUTION SLIDER -->\n[\/vc_column][vc_column width=\u00a0\u00bb1\/2&Prime;][vc_column_text css=\u00a0\u00bb\u00a0\u00bb]<\/p>\n<p><\/p>\n<h1>Dr. Yalon Dolev, FRCS(C)<\/h1>\n<p><\/p>\n<p>Chirurgien plasticien du visage (t\u00eate et cou)<\/p>\n<p>Oto-rhino-laryngologiste[\/vc_column_text]<div class=\"btn-wrap\" style=\"text-align:left\"><a href=\"https:\/\/www.dryalondolev.com\/fr\/consultation\/\" class=\"button button--calypso \" target=\"_self\"><div class=\"button__bg\"><\/div><span>PRENEZ RENDEZ-VOUS<\/span><\/a><\/div>[\/vc_column][\/vc_row][vc_row css_animation=\u00a0\u00bb\u00a0\u00bb row_type=\u00a0\u00bbrow\u00a0\u00bb use_row_as_full_screen_section=\u00a0\u00bbno\u00a0\u00bb type=\u00a0\u00bbfull_width\u00a0\u00bb angled_section=\u00a0\u00bbno\u00a0\u00bb text_align=\u00a0\u00bbleft\u00a0\u00bb background_image_as_pattern=\u00a0\u00bbwithout_pattern\u00a0\u00bb el_id=\u00a0\u00bbhow\u00a0\u00bb z_index=\u00a0\u00bb\u00a0\u00bb el_class=\u00a0\u00bbcentered\u00a0\u00bb][vc_column width=\u00a0\u00bb1\/2&Prime;][vc_column_text css=\u00a0\u00bb\u00a0\u00bb]<\/p>\n<p><\/p>\n<h2>Expertise et sp\u00e9cialisation<\/h2>\n<p><\/p>\n<p>[\/vc_column_text][vc_column_text css=\u00a0\u00bb\u00a0\u00bb el_class=\u00a0\u00bbtext-center\u00a0\u00bb]Le Dr Yalon A. Dolev, FRCS(C), est un oto-rhino-laryngologiste certifi\u00e9 sp\u00e9cialis\u00e9 en chirurgie plastique et reconstructive du visage. Il pratique \u00e0 Montr\u00e9al, \u00e0 l\u2019H\u00f4pital du Sacr\u00e9-C\u0153ur, et est affili\u00e9 aux d\u00e9partements ORL des universit\u00e9s McGill et de Montr\u00e9al. Son approche allie pr\u00e9cision m\u00e9dicale et sens artistique, ce qui en fait une r\u00e9f\u00e9rence de confiance en chirurgie fonctionnelle, esth\u00e9tique et reconstructive de la t\u00eate et du cou.[\/vc_column_text][\/vc_column][vc_column width=\u00a0\u00bb1\/2&Prime;][vc_single_image image=\u00a0\u00bb844&Prime; css=\u00a0\u00bb\u00a0\u00bb qode_css_animation=\u00a0\u00bb\u00a0\u00bb][\/vc_column][\/vc_row][vc_row css_animation=\u00a0\u00bb\u00a0\u00bb row_type=\u00a0\u00bbrow\u00a0\u00bb use_row_as_full_screen_section=\u00a0\u00bbno\u00a0\u00bb type=\u00a0\u00bbgrid\u00a0\u00bb angled_section=\u00a0\u00bbno\u00a0\u00bb text_align=\u00a0\u00bbleft\u00a0\u00bb background_image_as_pattern=\u00a0\u00bbwithout_pattern\u00a0\u00bb el_id=\u00a0\u00bbafter-hero-2&Prime; z_index=\u00a0\u00bb\u00a0\u00bb][vc_column][vc_column_text css=\u00a0\u00bb\u00a0\u00bb]<\/p>\n<p><\/p>\n<h2>Formation et parcours acad\u00e9mique<\/h2>\n<p><\/p>\n<p>[\/vc_column_text][vc_column_text css=\u00a0\u00bb\u00a0\u00bb]Le parcours acad\u00e9mique remarquable du Dr Dolev a d\u00e9but\u00e9 \u00e0 l\u2019Universit\u00e9 McGill, o\u00f9 il a obtenu un baccalaur\u00e9at en physiologie avec une mineure en \u00e9tudes sociales de la m\u00e9decine. Il a ensuite compl\u00e9t\u00e9 son doctorat en m\u00e9decine ainsi qu\u2019une r\u00e9sidence en oto-rhino-laryngologie \u2013 chirurgie de la t\u00eate et du cou \u00e0 McGill, guid\u00e9 par sa passion pour l\u2019anatomie complexe de cette r\u00e9gion du corps.<\/p>\n<p><\/p>\n<p>Afin de perfectionner ses comp\u00e9tences, le Dr Dolev a poursuivi une formation sp\u00e9cialis\u00e9e avanc\u00e9e aupr\u00e8s de l\u2019American Academy of Facial Plastic and Reconstructive Surgery, au Wexner Medical Center de l\u2019Ohio State University. Il s\u2019est form\u00e9 sous la direction des r\u00e9put\u00e9s Dr Mark Sullivan et Dr Steven Smith, acqu\u00e9rant une expertise pr\u00e9cieuse en chirurgie esth\u00e9tique et reconstructive du visage.<\/p>\n<p><\/p>\n<p>Engag\u00e9 dans l\u2019avancement du domaine de la chirurgie plastique et reconstructive faciale, le Dr Dolev consacre \u00e9galement une partie de sa pratique \u00e0 l\u2019enseignement et au mentorat. Il forme r\u00e9guli\u00e8rement des \u00e9tudiants en m\u00e9decine et des r\u00e9sidents \u00e0 l\u2019Universit\u00e9 McGill et \u00e0 l\u2019Universit\u00e9 de Montr\u00e9al, partageant son savoir-faire et sa passion pour l\u2019excellence des soins aux patients.[\/vc_column_text][\/vc_column][\/vc_row][vc_row css_animation=\u00a0\u00bb\u00a0\u00bb row_type=\u00a0\u00bbrow\u00a0\u00bb use_row_as_full_screen_section=\u00a0\u00bbno\u00a0\u00bb type=\u00a0\u00bbgrid\u00a0\u00bb angled_section=\u00a0\u00bbno\u00a0\u00bb text_align=\u00a0\u00bbleft\u00a0\u00bb background_image_as_pattern=\u00a0\u00bbwithout_pattern\u00a0\u00bb el_id=\u00a0\u00bblogo-grid\u00a0\u00bb z_index=\u00a0\u00bb\u00a0\u00bb][vc_column][vc_gallery type=\u00a0\u00bbimage_grid\u00a0\u00bb images=\u00a0\u00bb849,853,850,848,851,852&Prime; img_size=\u00a0\u00bbfull\u00a0\u00bb onclick=\u00a0\u00bb\u00a0\u00bb css=\u00a0\u00bb\u00a0\u00bb column_number=\u00a0\u00bb6&Prime; grayscale=\u00a0\u00bbno\u00a0\u00bb images_space=\u00a0\u00bbgallery_without_space\u00a0\u00bb][\/vc_column][\/vc_row][vc_row css_animation=\u00a0\u00bb\u00a0\u00bb row_type=\u00a0\u00bbrow\u00a0\u00bb use_row_as_full_screen_section=\u00a0\u00bbno\u00a0\u00bb type=\u00a0\u00bbgrid\u00a0\u00bb angled_section=\u00a0\u00bbno\u00a0\u00bb text_align=\u00a0\u00bbleft\u00a0\u00bb background_image_as_pattern=\u00a0\u00bbwithout_pattern\u00a0\u00bb z_index=\u00a0\u00bb\u00a0\u00bb el_class=\u00a0\u00bbmini bloq\u00a0\u00bb][vc_column width=\u00a0\u00bb1\/2&Prime;][vc_single_image image=\u00a0\u00bb839&Prime; css=\u00a0\u00bb\u00a0\u00bb qode_css_animation=\u00a0\u00bb\u00a0\u00bb el_class=\u00a0\u00bbno_effect\u00a0\u00bb][\/vc_column][vc_column width=\u00a0\u00bb1\/2&Prime;][vc_column_text css=\u00a0\u00bb\u00a0\u00bb]<\/p>\n<p><\/p>\n<blockquote>\n<p>Je crois qu\u2019il est de mon devoir de sublimer la beaut\u00e9 naturelle de mes patients, et non de la transformer compl\u00e8tement. Mon travail quotidien est de concentrer toute mon attention sur le visage, en affinant chaque trait avec minutie. Je veux que mes patients se sentent et paraissent comme la meilleure version d\u2019eux-m\u00eames. C\u2019est cette pr\u00e9cision et cette approche cibl\u00e9e qui me distinguent des autres chirurgiens.<\/p>\n<\/blockquote>\n<p><\/p>\n<p><strong>Dr Yalon Dolev<\/strong>[\/vc_column_text][\/vc_column][\/vc_row][vc_row css_animation=\u00a0\u00bb\u00a0\u00bb row_type=\u00a0\u00bbrow\u00a0\u00bb use_row_as_full_screen_section=\u00a0\u00bbno\u00a0\u00bb type=\u00a0\u00bbfull_width\u00a0\u00bb angled_section=\u00a0\u00bbno\u00a0\u00bb text_align=\u00a0\u00bbleft\u00a0\u00bb background_image_as_pattern=\u00a0\u00bbwithout_pattern\u00a0\u00bb el_id=\u00a0\u00bbhow2&Prime; z_index=\u00a0\u00bb\u00a0\u00bb][vc_column width=\u00a0\u00bb1\/2&Prime;][vc_column_text css=\u00a0\u00bb\u00a0\u00bb]<\/p>\n<p><\/p>\n<h2>Philosophie des soins<\/h2>\n<p><\/p>\n<p>[\/vc_column_text][vc_column_text css=\u00a0\u00bb\u00a0\u00bb el_class=\u00a0\u00bbtext-center\u00a0\u00bb]La philosophie du Dr Yalon Dolev repose sur l\u2019id\u00e9e d\u2019accompagner chaque patient dans la r\u00e9alisation de son plein potentiel. Gr\u00e2ce \u00e0 une approche esth\u00e9tique enti\u00e8rement personnalis\u00e9e, il vise non seulement \u00e0 am\u00e9liorer l\u2019apparence ext\u00e9rieure, mais aussi \u00e0 favoriser un sentiment profond de confiance en soi et de bien-\u00eatre.Pour le Dr Dolev, la chirurgie plastique du visage ne se limite pas \u00e0 une transformation physique \u2014 c\u2019est un art qui vise \u00e0 cr\u00e9er un \u00e9quilibre, \u00e0 renforcer l\u2019estime de soi et \u00e0 insuffler un nouveau sens \u00e0 la vie. Son engagement est d\u2019aider chaque patient \u00e0 atteindre une version harmonieuse de lui-m\u00eame, o\u00f9 la confiance int\u00e9rieure se refl\u00e8te naturellement \u00e0 l\u2019ext\u00e9rieur. Il n\u2019existe pas de d\u00e9finition universelle de la beaut\u00e9. C\u2019est pourquoi le Dr Dolev adapte son approche \u00e0 chaque individu, en tenant compte de ses caract\u00e9ristiques uniques et de ses aspirations personnelles.[\/vc_column_text][\/vc_column][vc_column width=\u00a0\u00bb1\/2&Prime;][vc_single_image image=\u00a0\u00bb810&Prime; css=\u00a0\u00bb\u00a0\u00bb qode_css_animation=\u00a0\u00bb\u00a0\u00bb][\/vc_column][\/vc_row][vc_row css_animation=\u00a0\u00bb\u00a0\u00bb row_type=\u00a0\u00bbrow\u00a0\u00bb use_row_as_full_screen_section=\u00a0\u00bbno\u00a0\u00bb type=\u00a0\u00bbgrid\u00a0\u00bb angled_section=\u00a0\u00bbno\u00a0\u00bb text_align=\u00a0\u00bbleft\u00a0\u00bb background_image_as_pattern=\u00a0\u00bbwithout_pattern\u00a0\u00bb el_id=\u00a0\u00bbmini-cta\u00a0\u00bb z_index=\u00a0\u00bb\u00a0\u00bb][vc_column]<svg class=\"yln\" xmlns=\"http:\/\/www.w3.org\/2000\/svg\" viewBox=\"0 0 1050.95 695.6\">\n  <defs>\n    <style>\n      .yln-1 {\n        fill: #143b65;\n      }\n\n      .yln-2 {\n        fill: #578b9b;\n      }\n    <\/style>\n  <\/defs>\n  <path class=\"yln-2\" d=\"M723.09,524c-1.25-2.06-2.29-4.2-3.43-6.29-1.29.64-2.59,1.27-3.89,1.9-31.23,14.96-64.82,24.52-100.82,24.52-25.76,0-54.73-6.44-86.93-12.88V231.81l-80.49,128.79v212.5h170.64c46.03,0,87.51-6.04,124.56-16.98-5.98-11.03-13.14-21.37-19.64-32.12Z\"\/>\n  <g>\n    <path class=\"yln-1\" d=\"M665.04,54.55c104.54,228.84-85.5,438.56,186.19,592.14-190.18-284.21,57.38-383.11-186.19-592.14Z\"\/>\n  <\/g>\n  <path class=\"yln-1\" d=\"M1017.43,292.82c-4.83-5.47,12.8-28.34,7.13-34.76-6.04-6.84-14.55-5.88-19.89-6.41,8.65-8.01,11.49-21.76,9.41-26.66-2.08-4.9-20.42-7.43-25.06-12.69-4.64-5.26,13.66-34.15,5.85-42.99-4.46-5.05-32.26.78-48.21,1.38-15.95.6-34.41-19.04-34.41-19.04,10.3-13.92,16.03-26.62,4.54-34.72,1.84,10.22-3.97,17.46-15.33,19.72-13.38-23.17-30.51-43.96-51.48-62.6C792.03,25.76,708.32,0,595.63,0h-220.91c-4.24,0-7.68,3.44-7.68,7.69s3.58,7.87,7.94,7.67c13.87-.64,42.67,1.04,59.68,23.28,28.73,30.95,13.57,68.52,12.88,70.83-.59,1.98-82.72,132.65-106.38,170.27-2.97,4.72-9.8,4.79-12.89.16l-122.06-183.09c-.1-.14-.19-.29-.27-.44-16.07-28.88-35.34-54.55-54.61-70.6C132.01,9.66,106.25,0,77.27,0H7.69C3.44,0,0,3.44,0,7.69v1.89c0,3.73,2.65,6.96,6.32,7.61,16.39,2.9,30.57,6.36,44.73,14.74.3.18.6.38.88.59,12.54,9.41,25.06,18.82,34.56,28.23.3.29.55.59.8.92,9.62,12.8,22.37,28.77,38.27,51.02l146.81,220.22c.84,1.26,1.29,2.75,1.29,4.26v228.24c0,4.24,3.44,7.68,7.69,7.68h61.9c4.24,0,7.68-3.44,7.68-7.68v-231.61c0-1.43.4-2.83,1.15-4.04L526.53,47.49c21.54-29.06,150.6-29.45,203.98,13.5.23.12.46.26.68.4,10.01,6.39,19.19,13.35,27.71,20.95h0s126.15,109.32,103.08,401.32c-12.59,87.91-15.24,163.39,60.56,211.95-102.5-241.4,110.81-310.31,127.33-355.42,7.81-23.7-29.48-43.99-32.45-47.36Z\"\/>\n<\/svg>[vc_column_text css=\u00a0\u00bb\u00a0\u00bb]<\/p>\n<p><\/p>\n<h2 style=\"text-align: center;\">C\u00e9l\u00e9brez votre essence v\u00e9ritable<\/h2>\n<p><\/p>\n<p>L\u00e0 o\u00f9 les techniques avanc\u00e9es et la vision artistique r\u00e9v\u00e8lent votre beaut\u00e9 naturelle.<\/p>\n<p><\/p>\n<p>Vivez votre transformation faciale unique avec le Dr Dolev \u2014 chaque trait est d\u00e9licatement sublim\u00e9 pour restaurer l\u2019harmonie, la confiance et une beaut\u00e9 intemporelle.[\/vc_column_text]<div class=\"btn-wrap\" style=\"text-align:center\"><a href=\"https:\/\/www.dryalondolev.com\/fr\/consultation\/\" class=\"button button--calypso \" target=\"_self\"><div class=\"button__bg\"><\/div><span>COMMENCEZ VOTRE PARCOURS<\/span><\/a><\/div>[\/vc_column][\/vc_row]<\/p>\n<\/div>","protected":false},"excerpt":{"rendered":"<p>[vc_row css_animation=\u00a0\u00bb\u00a0\u00bb row_type=\u00a0\u00bbrow\u00a0\u00bb use_row_as_full_screen_section=\u00a0\u00bbno\u00a0\u00bb type=\u00a0\u00bbfull_width\u00a0\u00bb angled_section=\u00a0\u00bbno\u00a0\u00bb text_align=\u00a0\u00bbleft\u00a0\u00bb background_image_as_pattern=\u00a0\u00bbwithout_pattern\u00a0\u00bb z_index=\u00a0\u00bb\u00a0\u00bb el_id=\u00a0\u00bbhero\u00a0\u00bb][vc_column width=\u00a0\u00bb1\/2&Prime;][\/vc_column][vc_column width=\u00a0\u00bb1\/2&Prime;][vc_column_text css=\u00a0\u00bb\u00a0\u00bb] Dr. Yalon Dolev, FRCS(C) Chirurgien plasticien du visage (t\u00eate et cou) Oto-rhino-laryngologiste[\/vc_column_text][\/vc_column][\/vc_row][vc_row css_animation=\u00a0\u00bb\u00a0\u00bb row_type=\u00a0\u00bbrow\u00a0\u00bb use_row_as_full_screen_section=\u00a0\u00bbno\u00a0\u00bb type=\u00a0\u00bbfull_width\u00a0\u00bb angled_section=\u00a0\u00bbno\u00a0\u00bb text_align=\u00a0\u00bbleft\u00a0\u00bb background_image_as_pattern=\u00a0\u00bbwithout_pattern\u00a0\u00bb el_id=\u00a0\u00bbhow\u00a0\u00bb z_index=\u00a0\u00bb\u00a0\u00bb el_class=\u00a0\u00bbcentered\u00a0\u00bb][vc_column width=\u00a0\u00bb1\/2&Prime;][vc_column_text css=\u00a0\u00bb\u00a0\u00bb] Expertise et sp\u00e9cialisation [\/vc_column_text][vc_column_text css=\u00a0\u00bb\u00a0\u00bb el_class=\u00a0\u00bbtext-center\u00a0\u00bb]Le Dr Yalon&#8230;<\/p>\n","protected":false},"author":1,"featured_media":838,"parent":0,"menu_order":0,"comment_status":"closed","ping_status":"closed","template":"full_width.php","meta":{"footnotes":""},"class_list":["post-1006","page","type-page","status-publish","has-post-thumbnail","hentry"],"acf":[],"yoast_head":"<!-- This site is optimized with the Yoast SEO plugin v25.5 - https:\/\/yoast.com\/wordpress\/plugins\/seo\/ -->\n<title>Dr Yalon Dolev \u2013 Chirurgien plastique facial \u00e0 Montr\u00e9al<\/title>\n<meta name=\"description\" content=\"Chirurgien plastique facial certifi\u00e9 \u00e0 Montr\u00e9al. Sp\u00e9cialis\u00e9 en rhinoplastie, lifting et reconstruction esth\u00e9tique du visage.\" \/>\n<meta name=\"robots\" content=\"index, follow, max-snippet:-1, max-image-preview:large, max-video-preview:-1\" \/>\n<link rel=\"canonical\" href=\"https:\/\/www.dryalondolev.com\/fr\/dr-yalon-dolev\/\" \/>\n<meta property=\"og:locale\" content=\"fr_FR\" \/>\n<meta property=\"og:type\" content=\"article\" \/>\n<meta property=\"og:title\" content=\"Dr Yalon Dolev \u2013 Chirurgien plastique facial \u00e0 Montr\u00e9al\" \/>\n<meta property=\"og:description\" content=\"Chirurgien plastique facial certifi\u00e9 \u00e0 Montr\u00e9al. Sp\u00e9cialis\u00e9 en rhinoplastie, lifting et reconstruction esth\u00e9tique du visage.\" \/>\n<meta property=\"og:url\" content=\"https:\/\/www.dryalondolev.com\/fr\/dr-yalon-dolev\/\" \/>\n<meta property=\"og:site_name\" content=\"Dolev\" \/>\n<meta property=\"article:publisher\" content=\"https:\/\/www.facebook.com\/dryalondolevmd\" \/>\n<meta property=\"article:modified_time\" content=\"2025-07-31T13:38:13+00:00\" \/>\n<meta property=\"og:image\" content=\"https:\/\/www.dryalondolev.com\/wp-content\/uploads\/2025\/03\/DSC094417.jpg\" \/>\n\t<meta property=\"og:image:width\" content=\"1697\" \/>\n\t<meta property=\"og:image:height\" content=\"1800\" \/>\n\t<meta property=\"og:image:type\" content=\"image\/jpeg\" \/>\n<meta name=\"twitter:card\" content=\"summary_large_image\" \/>\n<meta name=\"twitter:label1\" content=\"Dur\u00e9e de lecture estim\u00e9e\" \/>\n\t<meta name=\"twitter:data1\" content=\"5 minutes\" \/>\n<script type=\"application\/ld+json\" class=\"yoast-schema-graph\">{\"@context\":\"https:\/\/schema.org\",\"@graph\":[{\"@type\":\"WebPage\",\"@id\":\"https:\/\/www.dryalondolev.com\/fr\/dr-yalon-dolev\/\",\"url\":\"https:\/\/www.dryalondolev.com\/fr\/dr-yalon-dolev\/\",\"name\":\"Dr Yalon Dolev \u2013 Chirurgien plastique facial \u00e0 Montr\u00e9al\",\"isPartOf\":{\"@id\":\"https:\/\/www.dryalondolev.com\/fr\/#website\"},\"primaryImageOfPage\":{\"@id\":\"https:\/\/www.dryalondolev.com\/fr\/dr-yalon-dolev\/#primaryimage\"},\"image\":{\"@id\":\"https:\/\/www.dryalondolev.com\/fr\/dr-yalon-dolev\/#primaryimage\"},\"thumbnailUrl\":\"https:\/\/www.dryalondolev.com\/wp-content\/uploads\/2025\/03\/DSC094417.jpg\",\"datePublished\":\"2025-03-24T19:16:43+00:00\",\"dateModified\":\"2025-07-31T13:38:13+00:00\",\"description\":\"Chirurgien plastique facial certifi\u00e9 \u00e0 Montr\u00e9al. Sp\u00e9cialis\u00e9 en rhinoplastie, lifting et reconstruction esth\u00e9tique du visage.\",\"breadcrumb\":{\"@id\":\"https:\/\/www.dryalondolev.com\/fr\/dr-yalon-dolev\/#breadcrumb\"},\"inLanguage\":\"fr-FR\",\"potentialAction\":[{\"@type\":\"ReadAction\",\"target\":[\"https:\/\/www.dryalondolev.com\/fr\/dr-yalon-dolev\/\"]}]},{\"@type\":\"ImageObject\",\"inLanguage\":\"fr-FR\",\"@id\":\"https:\/\/www.dryalondolev.com\/fr\/dr-yalon-dolev\/#primaryimage\",\"url\":\"https:\/\/www.dryalondolev.com\/wp-content\/uploads\/2025\/03\/DSC094417.jpg\",\"contentUrl\":\"https:\/\/www.dryalondolev.com\/wp-content\/uploads\/2025\/03\/DSC094417.jpg\",\"width\":1697,\"height\":1800},{\"@type\":\"BreadcrumbList\",\"@id\":\"https:\/\/www.dryalondolev.com\/fr\/dr-yalon-dolev\/#breadcrumb\",\"itemListElement\":[{\"@type\":\"ListItem\",\"position\":1,\"name\":\"Home\",\"item\":\"https:\/\/www.dryalondolev.com\/fr\/\"},{\"@type\":\"ListItem\",\"position\":2,\"name\":\"Dr Yalon Dolev\"}]},{\"@type\":\"WebSite\",\"@id\":\"https:\/\/www.dryalondolev.com\/fr\/#website\",\"url\":\"https:\/\/www.dryalondolev.com\/fr\/\",\"name\":\"Dr. Yalon Dolev\",\"description\":\"Facial Plastic Surgeon\",\"publisher\":{\"@id\":\"https:\/\/www.dryalondolev.com\/fr\/#organization\"},\"alternateName\":\"Dr. Yalon Dolev\",\"potentialAction\":[{\"@type\":\"SearchAction\",\"target\":{\"@type\":\"EntryPoint\",\"urlTemplate\":\"https:\/\/www.dryalondolev.com\/fr\/?s={search_term_string}\"},\"query-input\":{\"@type\":\"PropertyValueSpecification\",\"valueRequired\":true,\"valueName\":\"search_term_string\"}}],\"inLanguage\":\"fr-FR\"},{\"@type\":\"Organization\",\"@id\":\"https:\/\/www.dryalondolev.com\/fr\/#organization\",\"name\":\"Facial Plastic Surgeon\",\"url\":\"https:\/\/www.dryalondolev.com\/fr\/\",\"logo\":{\"@type\":\"ImageObject\",\"inLanguage\":\"fr-FR\",\"@id\":\"https:\/\/www.dryalondolev.com\/fr\/#\/schema\/logo\/image\/\",\"url\":\"https:\/\/www.dryalondolev.com\/wp-content\/uploads\/2025\/03\/Logo_YD_1_.png\",\"contentUrl\":\"https:\/\/www.dryalondolev.com\/wp-content\/uploads\/2025\/03\/Logo_YD_1_.png\",\"width\":560,\"height\":160,\"caption\":\"Facial Plastic Surgeon\"},\"image\":{\"@id\":\"https:\/\/www.dryalondolev.com\/fr\/#\/schema\/logo\/image\/\"},\"sameAs\":[\"https:\/\/www.facebook.com\/dryalondolevmd\",\"https:\/\/www.instagram.com\/dryalondolev\/\"]}]}<\/script>\n<!-- \/ Yoast SEO plugin. -->","yoast_head_json":{"title":"Dr Yalon Dolev \u2013 Chirurgien plastique facial \u00e0 Montr\u00e9al","description":"Chirurgien plastique facial certifi\u00e9 \u00e0 Montr\u00e9al. Sp\u00e9cialis\u00e9 en rhinoplastie, lifting et reconstruction esth\u00e9tique du visage.","robots":{"index":"index","follow":"follow","max-snippet":"max-snippet:-1","max-image-preview":"max-image-preview:large","max-video-preview":"max-video-preview:-1"},"canonical":"https:\/\/www.dryalondolev.com\/fr\/dr-yalon-dolev\/","og_locale":"fr_FR","og_type":"article","og_title":"Dr Yalon Dolev \u2013 Chirurgien plastique facial \u00e0 Montr\u00e9al","og_description":"Chirurgien plastique facial certifi\u00e9 \u00e0 Montr\u00e9al. Sp\u00e9cialis\u00e9 en rhinoplastie, lifting et reconstruction esth\u00e9tique du visage.","og_url":"https:\/\/www.dryalondolev.com\/fr\/dr-yalon-dolev\/","og_site_name":"Dolev","article_publisher":"https:\/\/www.facebook.com\/dryalondolevmd","article_modified_time":"2025-07-31T13:38:13+00:00","og_image":[{"width":1697,"height":1800,"url":"https:\/\/www.dryalondolev.com\/wp-content\/uploads\/2025\/03\/DSC094417.jpg","type":"image\/jpeg"}],"twitter_card":"summary_large_image","twitter_misc":{"Dur\u00e9e de lecture estim\u00e9e":"5 minutes"},"schema":{"@context":"https:\/\/schema.org","@graph":[{"@type":"WebPage","@id":"https:\/\/www.dryalondolev.com\/fr\/dr-yalon-dolev\/","url":"https:\/\/www.dryalondolev.com\/fr\/dr-yalon-dolev\/","name":"Dr Yalon Dolev \u2013 Chirurgien plastique facial \u00e0 Montr\u00e9al","isPartOf":{"@id":"https:\/\/www.dryalondolev.com\/fr\/#website"},"primaryImageOfPage":{"@id":"https:\/\/www.dryalondolev.com\/fr\/dr-yalon-dolev\/#primaryimage"},"image":{"@id":"https:\/\/www.dryalondolev.com\/fr\/dr-yalon-dolev\/#primaryimage"},"thumbnailUrl":"https:\/\/www.dryalondolev.com\/wp-content\/uploads\/2025\/03\/DSC094417.jpg","datePublished":"2025-03-24T19:16:43+00:00","dateModified":"2025-07-31T13:38:13+00:00","description":"Chirurgien plastique facial certifi\u00e9 \u00e0 Montr\u00e9al. Sp\u00e9cialis\u00e9 en rhinoplastie, lifting et reconstruction esth\u00e9tique du visage.","breadcrumb":{"@id":"https:\/\/www.dryalondolev.com\/fr\/dr-yalon-dolev\/#breadcrumb"},"inLanguage":"fr-FR","potentialAction":[{"@type":"ReadAction","target":["https:\/\/www.dryalondolev.com\/fr\/dr-yalon-dolev\/"]}]},{"@type":"ImageObject","inLanguage":"fr-FR","@id":"https:\/\/www.dryalondolev.com\/fr\/dr-yalon-dolev\/#primaryimage","url":"https:\/\/www.dryalondolev.com\/wp-content\/uploads\/2025\/03\/DSC094417.jpg","contentUrl":"https:\/\/www.dryalondolev.com\/wp-content\/uploads\/2025\/03\/DSC094417.jpg","width":1697,"height":1800},{"@type":"BreadcrumbList","@id":"https:\/\/www.dryalondolev.com\/fr\/dr-yalon-dolev\/#breadcrumb","itemListElement":[{"@type":"ListItem","position":1,"name":"Home","item":"https:\/\/www.dryalondolev.com\/fr\/"},{"@type":"ListItem","position":2,"name":"Dr Yalon Dolev"}]},{"@type":"WebSite","@id":"https:\/\/www.dryalondolev.com\/fr\/#website","url":"https:\/\/www.dryalondolev.com\/fr\/","name":"Dr. Yalon Dolev","description":"Facial Plastic Surgeon","publisher":{"@id":"https:\/\/www.dryalondolev.com\/fr\/#organization"},"alternateName":"Dr. Yalon Dolev","potentialAction":[{"@type":"SearchAction","target":{"@type":"EntryPoint","urlTemplate":"https:\/\/www.dryalondolev.com\/fr\/?s={search_term_string}"},"query-input":{"@type":"PropertyValueSpecification","valueRequired":true,"valueName":"search_term_string"}}],"inLanguage":"fr-FR"},{"@type":"Organization","@id":"https:\/\/www.dryalondolev.com\/fr\/#organization","name":"Facial Plastic Surgeon","url":"https:\/\/www.dryalondolev.com\/fr\/","logo":{"@type":"ImageObject","inLanguage":"fr-FR","@id":"https:\/\/www.dryalondolev.com\/fr\/#\/schema\/logo\/image\/","url":"https:\/\/www.dryalondolev.com\/wp-content\/uploads\/2025\/03\/Logo_YD_1_.png","contentUrl":"https:\/\/www.dryalondolev.com\/wp-content\/uploads\/2025\/03\/Logo_YD_1_.png","width":560,"height":160,"caption":"Facial Plastic Surgeon"},"image":{"@id":"https:\/\/www.dryalondolev.com\/fr\/#\/schema\/logo\/image\/"},"sameAs":["https:\/\/www.facebook.com\/dryalondolevmd","https:\/\/www.instagram.com\/dryalondolev\/"]}]}},"_links":{"self":[{"href":"https:\/\/www.dryalondolev.com\/fr\/wp-json\/wp\/v2\/pages\/1006","targetHints":{"allow":["GET"]}}],"collection":[{"href":"https:\/\/www.dryalondolev.com\/fr\/wp-json\/wp\/v2\/pages"}],"about":[{"href":"https:\/\/www.dryalondolev.com\/fr\/wp-json\/wp\/v2\/types\/page"}],"author":[{"embeddable":true,"href":"https:\/\/www.dryalondolev.com\/fr\/wp-json\/wp\/v2\/users\/1"}],"replies":[{"embeddable":true,"href":"https:\/\/www.dryalondolev.com\/fr\/wp-json\/wp\/v2\/comments?post=1006"}],"version-history":[{"count":3,"href":"https:\/\/www.dryalondolev.com\/fr\/wp-json\/wp\/v2\/pages\/1006\/revisions"}],"predecessor-version":[{"id":1009,"href":"https:\/\/www.dryalondolev.com\/fr\/wp-json\/wp\/v2\/pages\/1006\/revisions\/1009"}],"wp:featuredmedia":[{"embeddable":true,"href":"https:\/\/www.dryalondolev.com\/fr\/wp-json\/wp\/v2\/media\/838"}],"wp:attachment":[{"href":"https:\/\/www.dryalondolev.com\/fr\/wp-json\/wp\/v2\/media?parent=1006"}],"curies":[{"name":"wp","href":"https:\/\/api.w.org\/{rel}","templated":true}]}}